{"id":1447,"date":"2014-05-25T07:23:20","date_gmt":"2014-05-25T06:23:20","guid":{"rendered":"http:\/\/outilstice.com\/?page_id=1447"},"modified":"2024-10-28T11:37:35","modified_gmt":"2024-10-28T09:37:35","slug":"annonceurs","status":"publish","type":"page","link":"https:\/\/outilstice.com\/en\/annonceurs\/","title":{"rendered":"Advertise on Tools Tice"},"content":{"rendered":"<p><strong>If you are an advertiser in the field of school or digital tools for education<\/strong> and you want to improve the visibility of your website, service or product on the web, you've come to the right place.<\/p>\n<h2><strong>Publicity agency<\/strong><\/h2>\n<p><a href=\"https:\/\/comdhabitude.fr\/\" target=\"_blank\"><img loading=\"lazy\" decoding=\"async\" class=\"alignleft wp-image-2091 size-full\" src=\"https:\/\/outilstice.com\/wp-content\/uploads\/2014\/05\/comedhabitude-150x150.jpg\" alt=\"Advertising Rgie Education\" width=\"150\" height=\"150\" srcset=\"https:\/\/outilstice.com\/wp-content\/uploads\/2014\/05\/comedhabitude-150x150.jpg 150w, https:\/\/outilstice.com\/wp-content\/uploads\/2014\/05\/comedhabitude-150x150-160x160.jpg 160w\" sizes=\"(max-width: 150px) 100vw, 150px\" \/><\/a><\/p>\n<h3>\u00a0COM D\u2019HABITUDE Advertising<\/h3>\n<p><a href=\"https:\/\/comdhabitude.fr\/\" target=\"_blank\">The advertising agency specialising in education<\/a>, culture and research<br \/>\n7 Emile Lacoste Street<br \/>\n19100 BRIVE<\/p>\n<p>Clotilde POITEVIN: 05 55 24 14 03<\/p>\n<p>&nbsp;<\/p>\n<h2><strong>Tice Tools is the preferred online medium for:<\/strong><\/h2>\n<div class=\"page\" title=\"Page 1\">\n<div class=\"section\">\n<div class=\"layoutArea\">\n<div class=\"column\">\n<p>Primary and secondary school teachers, CTBT correspondents, educational bodies, school principals, pedagogical advisers, librarians, documentalists, researchers, institutions, parents.<\/p>\n<p>More than 200,000 unique visitors\/month<\/p>\n<\/div>\n<\/div>\n<\/div>\n<\/div>\n<ul>\n<li>250 000 page views \/ month<\/li>\n<li>43,000 subscribers to the weekly newsletter The Tice Tools letter<\/li>\n<li>24,000 followers on Pinterest 16,000 followers on Twitter \u2022 10,000 followers on Facebook<\/li>\n<\/ul>\n<h2><strong>Rates:<\/strong><\/h2>\n<p>Discounted rates are offered depending on the duration of your campaign. Do not hesitate to ask.<\/p>\n<p><em>The webmaster reserves the right to refuse any campaign that does not meet its quality criteria and the Tice Tools editorial project.<\/em><\/p>","protected":false},"excerpt":{"rendered":"<p>If you are an advertiser in the field of school or digital tools for education and you want to improve the visibility of your website, service or product on...<\/p>","protected":false},"author":1,"featured_media":0,"parent":0,"menu_order":0,"comment_status":"open","ping_status":"open","template":"","meta":{"content-type":"","_lmt_disableupdate":"no","_lmt_disable":"no","footnotes":""},"yoast_head":"<!-- This site is optimized with the Yoast SEO Premium plugin v20.4 (Yoast SEO v23.4) - https:\/\/yoast.com\/wordpress\/plugins\/seo\/ -->\n<title>Annonces et op\u00e9rations sp\u00e9ciales sur Les Outils Tice via la r\u00e9gie publicitaire \u00e9ducation<\/title>\n<meta name=\"description\" content=\"Pour annoncer sur le site les Outils Tice, contactez Com d&#039;habitude Publicit\u00e9, la r\u00e9gie publicitaire sp\u00e9cialis\u00e9e \u00e9ducation.\" \/>\n<meta name=\"robots\" content=\"noindex, follow\" \/>\n<meta property=\"og:locale\" content=\"en_GB\" \/>\n<meta property=\"og:type\" content=\"article\" \/>\n<meta property=\"og:title\" content=\"Annoncer sur Outils Tice\" \/>\n<meta property=\"og:description\" content=\"&#8211;\" \/>\n<meta property=\"og:url\" content=\"https:\/\/outilstice.com\/en\/annonceurs\/\" \/>\n<meta property=\"og:site_name\" content=\"Les Outils Tice\" \/>\n<meta property=\"article:publisher\" content=\"https:\/\/www.facebook.com\/lesoutilsweb\" \/>\n<meta property=\"article:modified_time\" content=\"2024-10-28T09:37:35+00:00\" \/>\n<meta property=\"og:image\" content=\"https:\/\/outilstice.com\/wp-content\/uploads\/2024\/09\/2-1.jpg\" \/>\n\t<meta property=\"og:image:width\" content=\"1500\" \/>\n\t<meta property=\"og:image:height\" content=\"1500\" \/>\n\t<meta property=\"og:image:type\" content=\"image\/jpeg\" \/>\n<meta name=\"twitter:card\" content=\"summary_large_image\" \/>\n<meta name=\"twitter:image\" content=\"https:\/\/outilstice.com\/wp-content\/uploads\/2024\/08\/SCR-20240901-issf.jpeg\" \/>\n<meta name=\"twitter:site\" content=\"@outilstice\" \/>\n<meta name=\"twitter:label1\" content=\"Estimated reading time\" \/>\n\t<meta name=\"twitter:data1\" content=\"1 minute\" \/>\n<script type=\"application\/ld+json\" class=\"yoast-schema-graph\">{\"@context\":\"https:\/\/schema.org\",\"@graph\":[{\"@type\":\"WebPage\",\"@id\":\"https:\/\/outilstice.com\/annonceurs\/\",\"url\":\"https:\/\/outilstice.com\/annonceurs\/\",\"name\":\"Annonces et op\u00e9rations sp\u00e9ciales sur Les Outils Tice via la r\u00e9gie publicitaire \u00e9ducation\",\"isPartOf\":{\"@id\":\"https:\/\/outilstice.com\/#website\"},\"primaryImageOfPage\":{\"@id\":\"https:\/\/outilstice.com\/annonceurs\/#primaryimage\"},\"image\":{\"@id\":\"https:\/\/outilstice.com\/annonceurs\/#primaryimage\"},\"thumbnailUrl\":\"https:\/\/outilstice.com\/wp-content\/uploads\/2014\/05\/comedhabitude-150x150.jpg\",\"datePublished\":\"2014-05-25T06:23:20+00:00\",\"dateModified\":\"2024-10-28T09:37:35+00:00\",\"description\":\"Pour annoncer sur le site les Outils Tice, contactez Com d'habitude Publicit\u00e9, la r\u00e9gie publicitaire sp\u00e9cialis\u00e9e \u00e9ducation.\",\"breadcrumb\":{\"@id\":\"https:\/\/outilstice.com\/annonceurs\/#breadcrumb\"},\"inLanguage\":\"en-GB\",\"potentialAction\":[{\"@type\":\"ReadAction\",\"target\":[\"https:\/\/outilstice.com\/annonceurs\/\"]}]},{\"@type\":\"ImageObject\",\"inLanguage\":\"en-GB\",\"@id\":\"https:\/\/outilstice.com\/annonceurs\/#primaryimage\",\"url\":\"https:\/\/outilstice.com\/wp-content\/uploads\/2014\/05\/comedhabitude-150x150.jpg\",\"contentUrl\":\"https:\/\/outilstice.com\/wp-content\/uploads\/2014\/05\/comedhabitude-150x150.jpg\"},{\"@type\":\"BreadcrumbList\",\"@id\":\"https:\/\/outilstice.com\/annonceurs\/#breadcrumb\",\"itemListElement\":[{\"@type\":\"ListItem\",\"position\":1,\"name\":\"Accueil\",\"item\":\"https:\/\/outilstice.com\/\"},{\"@type\":\"ListItem\",\"position\":2,\"name\":\"Annoncer sur Outils Tice\"}]},{\"@type\":\"WebSite\",\"@id\":\"https:\/\/outilstice.com\/#website\",\"url\":\"https:\/\/outilstice.com\/\",\"name\":\"Les Outils Tice\",\"description\":\"L&#039;actualit\u00e9 des outils num\u00e9riques pour l&#039;\u00e9ducation\",\"publisher\":{\"@id\":\"https:\/\/outilstice.com\/#\/schema\/person\/ec4809142ef009f96b5af2c906a48cd0\"},\"potentialAction\":[{\"@type\":\"SearchAction\",\"target\":{\"@type\":\"EntryPoint\",\"urlTemplate\":\"https:\/\/outilstice.com\/?s={search_term_string}\"},\"query-input\":{\"@type\":\"PropertyValueSpecification\",\"valueRequired\":true,\"valueName\":\"search_term_string\"}}],\"inLanguage\":\"en-GB\"},{\"@type\":[\"Person\",\"Organization\"],\"@id\":\"https:\/\/outilstice.com\/#\/schema\/person\/ec4809142ef009f96b5af2c906a48cd0\",\"name\":\"Fidel Navamuel\",\"image\":{\"@type\":\"ImageObject\",\"inLanguage\":\"en-GB\",\"@id\":\"https:\/\/outilstice.com\/#\/schema\/person\/image\/\",\"url\":\"https:\/\/outilstice.com\/wp-content\/uploads\/2014\/11\/fidel.jpg\",\"contentUrl\":\"https:\/\/outilstice.com\/wp-content\/uploads\/2014\/11\/fidel.jpg\",\"width\":570,\"height\":428,\"caption\":\"Fidel Navamuel\"},\"logo\":{\"@id\":\"https:\/\/outilstice.com\/#\/schema\/person\/image\/\"},\"description\":\"Journaliste et responsable des sites \\\"Les Outils du Web\\\". Le r\u00e9seau \\\"Les Outils du Web\\\"regroupe sept sites d'information en ligne autour des nouvelles technologies, de la veille, des outils collaboratifs, des tice, de l'ia et du Web2. Responsable du d\u00e9veloppement de l'\u00e9cole des m\u00e9tiers de l'information \u00e0 Paris. Coop\u00e9rative de formation, l'\u00e9mi est reconnue pour ses formations qui accompagnent la mutation num\u00e9rique au c\u0153ur des m\u00e9tiers et des organisations.\",\"sameAs\":[\"https:\/\/outilstice.com\",\"https:\/\/www.facebook.com\/lesoutilsweb\",\"https:\/\/www.instagram.com\/outilstice\/\",\"http:\/\/fr.linkedin.com\/in\/navamuel\/\",\"http:\/\/www.pinterest.com\/fideln\/\",\"https:\/\/x.com\/outilstice\"],\"gender\":\"homme\",\"jobTitle\":\"Journaliste\"}]}<\/script>\n<!-- \/ Yoast SEO Premium plugin. -->","yoast_head_json":{"title":"Annonces et op\u00e9rations sp\u00e9ciales sur Les Outils Tice via la r\u00e9gie publicitaire \u00e9ducation","description":"Pour annoncer sur le site les Outils Tice, contactez Com d'habitude Publicit\u00e9, la r\u00e9gie publicitaire sp\u00e9cialis\u00e9e \u00e9ducation.","robots":{"index":"noindex","follow":"follow"},"og_locale":"en_GB","og_type":"article","og_title":"Annoncer sur Outils Tice","og_description":"&#8211;","og_url":"https:\/\/outilstice.com\/en\/annonceurs\/","og_site_name":"Les Outils Tice","article_publisher":"https:\/\/www.facebook.com\/lesoutilsweb","article_modified_time":"2024-10-28T09:37:35+00:00","og_image":[{"width":1500,"height":1500,"url":"https:\/\/outilstice.com\/wp-content\/uploads\/2024\/09\/2-1.jpg","type":"image\/jpeg"}],"twitter_card":"summary_large_image","twitter_image":"https:\/\/outilstice.com\/wp-content\/uploads\/2024\/08\/SCR-20240901-issf.jpeg","twitter_site":"@outilstice","twitter_misc":{"Estimated reading time":"1 minute"},"schema":{"@context":"https:\/\/schema.org","@graph":[{"@type":"WebPage","@id":"https:\/\/outilstice.com\/annonceurs\/","url":"https:\/\/outilstice.com\/annonceurs\/","name":"Annonces et op\u00e9rations sp\u00e9ciales sur Les Outils Tice via la r\u00e9gie publicitaire \u00e9ducation","isPartOf":{"@id":"https:\/\/outilstice.com\/#website"},"primaryImageOfPage":{"@id":"https:\/\/outilstice.com\/annonceurs\/#primaryimage"},"image":{"@id":"https:\/\/outilstice.com\/annonceurs\/#primaryimage"},"thumbnailUrl":"https:\/\/outilstice.com\/wp-content\/uploads\/2014\/05\/comedhabitude-150x150.jpg","datePublished":"2014-05-25T06:23:20+00:00","dateModified":"2024-10-28T09:37:35+00:00","description":"Pour annoncer sur le site les Outils Tice, contactez Com d'habitude Publicit\u00e9, la r\u00e9gie publicitaire sp\u00e9cialis\u00e9e \u00e9ducation.","breadcrumb":{"@id":"https:\/\/outilstice.com\/annonceurs\/#breadcrumb"},"inLanguage":"en-GB","potentialAction":[{"@type":"ReadAction","target":["https:\/\/outilstice.com\/annonceurs\/"]}]},{"@type":"ImageObject","inLanguage":"en-GB","@id":"https:\/\/outilstice.com\/annonceurs\/#primaryimage","url":"https:\/\/outilstice.com\/wp-content\/uploads\/2014\/05\/comedhabitude-150x150.jpg","contentUrl":"https:\/\/outilstice.com\/wp-content\/uploads\/2014\/05\/comedhabitude-150x150.jpg"},{"@type":"BreadcrumbList","@id":"https:\/\/outilstice.com\/annonceurs\/#breadcrumb","itemListElement":[{"@type":"ListItem","position":1,"name":"Accueil","item":"https:\/\/outilstice.com\/"},{"@type":"ListItem","position":2,"name":"Annoncer sur Outils Tice"}]},{"@type":"WebSite","@id":"https:\/\/outilstice.com\/#website","url":"https:\/\/outilstice.com\/","name":"Les Outils Tice","description":"L&#039;actualit\u00e9 des outils num\u00e9riques pour l&#039;\u00e9ducation","publisher":{"@id":"https:\/\/outilstice.com\/#\/schema\/person\/ec4809142ef009f96b5af2c906a48cd0"},"potentialAction":[{"@type":"SearchAction","target":{"@type":"EntryPoint","urlTemplate":"https:\/\/outilstice.com\/?s={search_term_string}"},"query-input":{"@type":"PropertyValueSpecification","valueRequired":true,"valueName":"search_term_string"}}],"inLanguage":"en-GB"},{"@type":["Person","Organization"],"@id":"https:\/\/outilstice.com\/#\/schema\/person\/ec4809142ef009f96b5af2c906a48cd0","name":"Fidel Navamuel","image":{"@type":"ImageObject","inLanguage":"en-GB","@id":"https:\/\/outilstice.com\/#\/schema\/person\/image\/","url":"https:\/\/outilstice.com\/wp-content\/uploads\/2014\/11\/fidel.jpg","contentUrl":"https:\/\/outilstice.com\/wp-content\/uploads\/2014\/11\/fidel.jpg","width":570,"height":428,"caption":"Fidel Navamuel"},"logo":{"@id":"https:\/\/outilstice.com\/#\/schema\/person\/image\/"},"description":"Journaliste et responsable des sites \"Les Outils du Web\". Le r\u00e9seau \"Les Outils du Web\"regroupe sept sites d'information en ligne autour des nouvelles technologies, de la veille, des outils collaboratifs, des tice, de l'ia et du Web2. Responsable du d\u00e9veloppement de l'\u00e9cole des m\u00e9tiers de l'information \u00e0 Paris. Coop\u00e9rative de formation, l'\u00e9mi est reconnue pour ses formations qui accompagnent la mutation num\u00e9rique au c\u0153ur des m\u00e9tiers et des organisations.","sameAs":["https:\/\/outilstice.com","https:\/\/www.facebook.com\/lesoutilsweb","https:\/\/www.instagram.com\/outilstice\/","http:\/\/fr.linkedin.com\/in\/navamuel\/","http:\/\/www.pinterest.com\/fideln\/","https:\/\/x.com\/outilstice"],"gender":"homme","jobTitle":"Journaliste"}]}},"_links":{"self":[{"href":"https:\/\/outilstice.com\/en\/wp-json\/wp\/v2\/pages\/1447"}],"collection":[{"href":"https:\/\/outilstice.com\/en\/wp-json\/wp\/v2\/pages"}],"about":[{"href":"https:\/\/outilstice.com\/en\/wp-json\/wp\/v2\/types\/page"}],"author":[{"embeddable":true,"href":"https:\/\/outilstice.com\/en\/wp-json\/wp\/v2\/users\/1"}],"replies":[{"embeddable":true,"href":"https:\/\/outilstice.com\/en\/wp-json\/wp\/v2\/comments?post=1447"}],"version-history":[{"count":2,"href":"https:\/\/outilstice.com\/en\/wp-json\/wp\/v2\/pages\/1447\/revisions"}],"predecessor-version":[{"id":13565,"href":"https:\/\/outilstice.com\/en\/wp-json\/wp\/v2\/pages\/1447\/revisions\/13565"}],"wp:attachment":[{"href":"https:\/\/outilstice.com\/en\/wp-json\/wp\/v2\/media?parent=1447"}],"curies":[{"name":"wp","href":"https:\/\/api.w.org\/{rel}","templated":true}]}}