{"id":2134,"date":"2015-07-31T10:07:28","date_gmt":"2015-07-31T09:07:28","guid":{"rendered":"http:\/\/outilstice.com\/cookie-policy\/"},"modified":"2021-06-15T08:23:31","modified_gmt":"2021-06-15T06:23:31","slug":"cookies","status":"publish","type":"page","link":"https:\/\/outilstice.com\/en\/cookies\/","title":{"rendered":"Cookie Policy"},"content":{"rendered":"<h2 class=\"main-title\">Legal warning about the cookies present<br \/>\nthe Tice Tools<\/h2>\n<p>Cookies are placed, subject to your choices, on your computer, smartphone or tablet (\u2018the Device\u2019) when visiting the https:\/\/outiltice.com Site (\u2018the Site\u2019), or when viewing an advertisement.<\/p>\n<p>The CNIL has been responsible for the French application of this Directive since 1 October 2014.<\/p>\n<h2>What is a cookie?<\/h2>\n<p>Cookies are small text files placed on your Device, the details and purpose of which are detailed below.<\/p>\n<p>Cookies are managed by your web browser and only the sender of a cookie is likely to read or change the information contained therein.<\/p>\n<p>The Tice Tools website, like all the websites in the Web Tools network, hosts a few cookies. They are mainly dedicated to the analysis of site visits (Google Analytics), advertisements via (Google Adsense) and social media share buttons.<\/p>\n<h2>What types of cookies are placed and for what purpose?<\/h2>\n<h3>Cookies strictly necessary for the operation of the Site<\/h3>\n<p>These are cookies placed exclusively by toolstice, which are essential for browsing the site. They allow you to use the main features of the Site and secure your connection. The deposit of these cookies does not require your prior consent.<\/p>\n<p>They allow you, for example:<br \/>\n-implement security measures, for example when you are asked to reconnect to a content or service after a certain period of time;<br \/>\n-to store information relating to a form that you have filled out on our Site (registration or access to your account) or to products, services or information that you have chosen on our Site (service subscribed as , newsletter etc.).<\/p>\n<h3>The so-called \"functionality\" cookies<\/h3>\n<p>These cookies are strictly necessary for the operation of the Site. The deposit of these cookies does not require your prior consent. These cookies allow us to:<\/p>\n<p>establish statistics and volumes of visits and use of the various components of our Site (headings and content visited, routes), enabling us to improve the interest and ergonomics of our services;<br \/>\nadapt the presentation of our Site to the display preferences of your Device (language used, display resolution, operating system used, etc.) when you visit our Site, depending on the viewing or reading hardware and software that your Device contains;<br \/>\nadapt our advertising spaces to the display preferences of your Device (language used, display resolution, operating system used, etc.), depending on the viewing or reading hardware and software that your Device contains.<\/p>\n<h3>Analytical cookies<\/h3>\n<p>We use various tools to measure traffic to our Site such as<br \/>\nGoogle Analytics or Clicky<\/p>\n<p>These tools make it possible to:<br \/>\n\u2022 determine your interests and behaviour;<br \/>\n\u2022 improve customer\/user knowledge for personalisation purposes.<\/p>\n<h3>Advertising cookies<\/h3>\n<p>The advertising cookies we place on your device are used to provide you with advertising tailored to your interests based on the articles you have read and your browsing on our Site, but also on other sites.<\/p>\n<p>They make it possible to:<\/p>\n<p>\u2013 limit the number of times you see an advertisement and help measure the effectiveness of an advertising campaign;<br \/>\n\u2013 to adapt the advertising content displayed on your Device by our advertising spaces, according to the navigation of your Device on our Site, according to the location data (longitude and latitude) transmitted by your Device with your prior consent and according to the personal data you have provided to us;<br \/>\n\u2013 to count the total number of advertisements displayed by us on our advertising spaces, to identify those advertisements, their respective number of displays, the number of users who clicked on each advertisement and, where applicable, the subsequent actions carried out by those users on the pages to which those advertisements lead, in order to calculate the sums due to the players in the advertising delivery chain (communication agency, advertising agency, Site\/broadcasting medium) and to compile statistics.<\/p>\n<h3>Third-party advertising cookies<\/h3>\n<p>Third-party cookies may also be placed on your Device, in particular cookies placed in our advertising spaces issued by:<\/p>\n<p>a third-party company to the advertiser (communications consulting agency, audience measurement company, targeted advertising provider, etc.), which has associated a cookie with the advertising content of an advertiser; external advertising boards.<\/p>\n<p>These third-party cookies allow:<\/p>\n<p>to count the number of displays of advertising content broadcast via our advertising spaces, to identify the advertisements thus displayed, the number of users who clicked on each advertisement, enabling them to calculate the sums due as a result and to compile statistics;<br \/>\nadapt the advertising spaces they operate to the display preferences of your Device (language used, display resolution, operating system used, etc.), depending on the viewing or reading hardware and software that your Device contains;<br \/>\nadapt the advertising content displayed on your Device via our advertising spaces according to the navigation of your Device on our Site;<\/p>\n<p>The refusal of these advertising cookies has no impact on the use of our Site. However, refusing them will not lead to the cessation of advertising on our Site or on the Internet.\u2028 This will only have the effect of displaying an advertisement that does not take into account your interests or preferences.<\/p>\n<h3>Sharing cookies (social networks)<\/h3>\n<p>We may include on our Site computer applications from third parties that allow you to share content on our Site with others or to make known to others your views or opinions on content on our Site. This is particularly the case with the buttons \u2018Share\u2019, \u2018Like\u2019, from social networks such as \u2018Facebook\u2019, \u2018Twitter\u2019, \u2018Linkedin\u2019, \u2018Messenger\u2019, \u2018Flipboard\u2019, \u2018Pinterest\u2019, etc.<\/p>\n<p>The social network providing such an application button is likely to identify you through this button, even if you did not use this button when visiting our Site. Indeed, this type of application button may allow the social network concerned to track your navigation on our Site simply because your account on the social network concerned was activated on your Device (open session) during your navigation on our Site.<\/p>\n<p>We have no control over the process used by social networks to collect information relating to your browsing, and associated with the personal data at their disposal. We invite you to consult the privacy policies of these social networks in order to be aware of the purposes for which they use, in particular advertising, the browsing information they may collect through these application buttons. These protection policies must, in particular, enable you to exercise your choices with these social networks, in particular by setting up your user accounts for each of these networks.<\/p>\n<h2>What is the basis for collecting cookies?<\/h2>\n<p>The registration of a cookie in a Device is essentially subject to the will of the user of the Device, who may express and modify it at any time and free of charge through the choices offered to him by his browser software.<\/p>\n<p>If you have accepted the storage of cookies on your Device in your browser software, cookies embedded in the pages and content you have viewed may be temporarily stored in a dedicated area of your Device. They will be readable only by their issuer.<\/p>\n<p>If you refuse the storage of cookies on your Device, or if you delete those stored on your Device, you will no longer be able to benefit from the functionality of our Site. This would be the case if you tried to access our content or services. This would also be the case where we \u2013 or our service providers \u2013 could not recognise, for technical compatibility purposes, the type of browser used by your Device, its language and display settings or the country from which your Device appears to be connected to the Internet.<\/p>\n<p>If necessary, we do not accept any responsibility for the consequences linked to the degraded functioning of our services resulting from the impossibility for us to save or consult the cookies necessary for their operation and which you have refused or deleted.<\/p>\n<h2>How to manage your cookies?<\/h2>\n<p>Several possibilities are offered to you to manage cookies. Any setting you may undertake may change your internet browsing and your conditions of access to certain services requiring the use of cookies.<br \/>\nYou can choose at any time to express and modify your cookie wishes by the means described below.<\/p>\n<h3>By configuring your navigation software<\/h3>\n<p>You can configure your browser software so that cookies are stored on your Device or, on the contrary, rejected, either systematically or according to their issuer. You can also configure your browser software so that the acceptance or refusal of cookies is offered to you from time to time, before a cookie is likely to be stored on your Device.<br \/>\nFor the management of cookies and your choices, the configuration of each browser is different. It is described in the help menu of your browser, which will let you know how to change your cookie wishes.<\/p>\n<p>For Internet Explorer \u2122:\u00a0<a href=\"https:\/\/windows.microsoft.com\/\" target=\"_blank\" rel=\"noopener nofollow noreferrer\">https:\/\/windows.microsoft.com<\/a><br \/>\nFor Safari\u2122:\u00a0<a href=\"https:\/\/support.apple.com\/\" target=\"_blank\" rel=\"noopener nofollow noreferrer\">https:\/\/support.apple.com<\/a><br \/>\nFor Chrome \u2122:\u00a0<a href=\"https:\/\/support.google.com\/\" target=\"_blank\" rel=\"noopener nofollow noreferrer\">https:\/\/support.google.com<\/a><br \/>\nFor Firefox \u2122:\u00a0<a href=\"https:\/\/support.mozilla.org\/\" target=\"_blank\" rel=\"noopener nofollow noreferrer\">https:\/\/support.mozilla.org\/<\/a><br \/>\nFor Opera \u2122:\u00a0<a href=\"https:\/\/help.opera.com\/\" target=\"_blank\" rel=\"noopener nofollow noreferrer\">https:\/\/help.opera.com<\/a><\/p>\n<p>If you want to prevent these cookies from being installed on your device, you can disable them by changing your browser settings. If you prefer, use third-party software to block cookies when you use this Website. To find out how to do this, check your browser menu or visit www.allaboutcookies.org. You will find more information about cookies and how to disable them. You can also use third-party \u2018anonymity\u2019 services to hide information in your cookies, or even general data, such as your IP address.<\/p>\n<p>For more information on the use of cookies and their blocking, please visit the website of <a href=\"http:\/\/www.cnil.fr\/vos-droits\/vos-traces\/les-cookies\/\" target=\"_blank\" rel=\"noopener noreferrer\">the CNIL which proposes a complete dossier on the subject.<\/a><\/p>\n<p>&nbsp;<\/p>","protected":false},"excerpt":{"rendered":"<p>Legal warning about cookies on Tice Tools Cookies are placed, subject to your choices, on your computer, smartphone or tablet (hereinafter the \"Device\") when visiting the Site...<\/p>","protected":false},"author":1,"featured_media":0,"parent":0,"menu_order":0,"comment_status":"open","ping_status":"open","template":"","meta":{"content-type":"","_lmt_disableupdate":"no","_lmt_disable":"","footnotes":""},"yoast_head":"<!-- This site is optimized with the Yoast SEO Premium plugin v20.4 (Yoast SEO v23.4) - https:\/\/yoast.com\/wordpress\/plugins\/seo\/ -->\n<title>Politique de cookies &#8211; Les Outils Tice<\/title>\n<meta name=\"description\" content=\"Avertissement l\u00e9gal sur les cookies pr\u00e9sents sur Outils Tice Des cookies sont d\u00e9pos\u00e9s, sous r\u00e9serve de vos choix, sur votre ordinateur, smartphone ou\" \/>\n<meta name=\"robots\" content=\"noindex, nofollow\" \/>\n<meta property=\"og:locale\" content=\"en_GB\" \/>\n<meta property=\"og:type\" content=\"article\" \/>\n<meta property=\"og:title\" content=\"Politique de cookies\" \/>\n<meta property=\"og:description\" content=\"&#8211;\" \/>\n<meta property=\"og:url\" content=\"https:\/\/outilstice.com\/en\/cookies\/\" \/>\n<meta property=\"og:site_name\" content=\"Les Outils Tice\" \/>\n<meta property=\"article:publisher\" content=\"https:\/\/www.facebook.com\/lesoutilsweb\" \/>\n<meta property=\"article:modified_time\" content=\"2021-06-15T06:23:31+00:00\" \/>\n<meta name=\"twitter:card\" content=\"summary_large_image\" \/>\n<meta name=\"twitter:site\" content=\"@outilstice\" \/>\n<meta name=\"twitter:label1\" content=\"Estimated reading time\" \/>\n\t<meta name=\"twitter:data1\" content=\"9 minutes\" \/>\n<script type=\"application\/ld+json\" class=\"yoast-schema-graph\">{\"@context\":\"https:\/\/schema.org\",\"@graph\":[{\"@type\":\"WebPage\",\"@id\":\"https:\/\/outilstice.com\/cookies\/\",\"url\":\"https:\/\/outilstice.com\/cookies\/\",\"name\":\"Politique de cookies &#8211; Les Outils Tice\",\"isPartOf\":{\"@id\":\"https:\/\/outilstice.com\/#website\"},\"datePublished\":\"2015-07-31T09:07:28+00:00\",\"dateModified\":\"2021-06-15T06:23:31+00:00\",\"description\":\"Avertissement l\u00e9gal sur les cookies pr\u00e9sents sur Outils Tice Des cookies sont d\u00e9pos\u00e9s, sous r\u00e9serve de vos choix, sur votre ordinateur, smartphone ou\",\"breadcrumb\":{\"@id\":\"https:\/\/outilstice.com\/cookies\/#breadcrumb\"},\"inLanguage\":\"en-GB\",\"potentialAction\":[{\"@type\":\"ReadAction\",\"target\":[\"https:\/\/outilstice.com\/cookies\/\"]}]},{\"@type\":\"BreadcrumbList\",\"@id\":\"https:\/\/outilstice.com\/cookies\/#breadcrumb\",\"itemListElement\":[{\"@type\":\"ListItem\",\"position\":1,\"name\":\"Accueil\",\"item\":\"https:\/\/outilstice.com\/\"},{\"@type\":\"ListItem\",\"position\":2,\"name\":\"Politique de cookies\"}]},{\"@type\":\"WebSite\",\"@id\":\"https:\/\/outilstice.com\/#website\",\"url\":\"https:\/\/outilstice.com\/\",\"name\":\"Les Outils Tice\",\"description\":\"L&#039;actualit\u00e9 des outils num\u00e9riques pour l&#039;\u00e9ducation\",\"publisher\":{\"@id\":\"https:\/\/outilstice.com\/#\/schema\/person\/ec4809142ef009f96b5af2c906a48cd0\"},\"potentialAction\":[{\"@type\":\"SearchAction\",\"target\":{\"@type\":\"EntryPoint\",\"urlTemplate\":\"https:\/\/outilstice.com\/?s={search_term_string}\"},\"query-input\":{\"@type\":\"PropertyValueSpecification\",\"valueRequired\":true,\"valueName\":\"search_term_string\"}}],\"inLanguage\":\"en-GB\"},{\"@type\":[\"Person\",\"Organization\"],\"@id\":\"https:\/\/outilstice.com\/#\/schema\/person\/ec4809142ef009f96b5af2c906a48cd0\",\"name\":\"Fidel Navamuel\",\"image\":{\"@type\":\"ImageObject\",\"inLanguage\":\"en-GB\",\"@id\":\"https:\/\/outilstice.com\/#\/schema\/person\/image\/\",\"url\":\"https:\/\/outilstice.com\/wp-content\/uploads\/2014\/11\/fidel.jpg\",\"contentUrl\":\"https:\/\/outilstice.com\/wp-content\/uploads\/2014\/11\/fidel.jpg\",\"width\":570,\"height\":428,\"caption\":\"Fidel Navamuel\"},\"logo\":{\"@id\":\"https:\/\/outilstice.com\/#\/schema\/person\/image\/\"},\"description\":\"Journaliste et responsable des sites \\\"Les Outils du Web\\\". Le r\u00e9seau \\\"Les Outils du Web\\\"regroupe sept sites d'information en ligne autour des nouvelles technologies, de la veille, des outils collaboratifs, des tice, de l'ia et du Web2. Responsable du d\u00e9veloppement de l'\u00e9cole des m\u00e9tiers de l'information \u00e0 Paris. Coop\u00e9rative de formation, l'\u00e9mi est reconnue pour ses formations qui accompagnent la mutation num\u00e9rique au c\u0153ur des m\u00e9tiers et des organisations.\",\"sameAs\":[\"https:\/\/outilstice.com\",\"https:\/\/www.facebook.com\/lesoutilsweb\",\"https:\/\/www.instagram.com\/outilstice\/\",\"http:\/\/fr.linkedin.com\/in\/navamuel\/\",\"http:\/\/www.pinterest.com\/fideln\/\",\"https:\/\/x.com\/outilstice\"],\"gender\":\"homme\",\"jobTitle\":\"Journaliste\"}]}<\/script>\n<!-- \/ Yoast SEO Premium plugin. -->","yoast_head_json":{"title":"Politique de cookies &#8211; Les Outils Tice","description":"Avertissement l\u00e9gal sur les cookies pr\u00e9sents sur Outils Tice Des cookies sont d\u00e9pos\u00e9s, sous r\u00e9serve de vos choix, sur votre ordinateur, smartphone ou","robots":{"index":"noindex","follow":"nofollow"},"og_locale":"en_GB","og_type":"article","og_title":"Politique de cookies","og_description":"&#8211;","og_url":"https:\/\/outilstice.com\/en\/cookies\/","og_site_name":"Les Outils Tice","article_publisher":"https:\/\/www.facebook.com\/lesoutilsweb","article_modified_time":"2021-06-15T06:23:31+00:00","twitter_card":"summary_large_image","twitter_site":"@outilstice","twitter_misc":{"Estimated reading time":"9 minutes"},"schema":{"@context":"https:\/\/schema.org","@graph":[{"@type":"WebPage","@id":"https:\/\/outilstice.com\/cookies\/","url":"https:\/\/outilstice.com\/cookies\/","name":"Politique de cookies &#8211; Les Outils Tice","isPartOf":{"@id":"https:\/\/outilstice.com\/#website"},"datePublished":"2015-07-31T09:07:28+00:00","dateModified":"2021-06-15T06:23:31+00:00","description":"Avertissement l\u00e9gal sur les cookies pr\u00e9sents sur Outils Tice Des cookies sont d\u00e9pos\u00e9s, sous r\u00e9serve de vos choix, sur votre ordinateur, smartphone ou","breadcrumb":{"@id":"https:\/\/outilstice.com\/cookies\/#breadcrumb"},"inLanguage":"en-GB","potentialAction":[{"@type":"ReadAction","target":["https:\/\/outilstice.com\/cookies\/"]}]},{"@type":"BreadcrumbList","@id":"https:\/\/outilstice.com\/cookies\/#breadcrumb","itemListElement":[{"@type":"ListItem","position":1,"name":"Accueil","item":"https:\/\/outilstice.com\/"},{"@type":"ListItem","position":2,"name":"Politique de cookies"}]},{"@type":"WebSite","@id":"https:\/\/outilstice.com\/#website","url":"https:\/\/outilstice.com\/","name":"Les Outils Tice","description":"L&#039;actualit\u00e9 des outils num\u00e9riques pour l&#039;\u00e9ducation","publisher":{"@id":"https:\/\/outilstice.com\/#\/schema\/person\/ec4809142ef009f96b5af2c906a48cd0"},"potentialAction":[{"@type":"SearchAction","target":{"@type":"EntryPoint","urlTemplate":"https:\/\/outilstice.com\/?s={search_term_string}"},"query-input":{"@type":"PropertyValueSpecification","valueRequired":true,"valueName":"search_term_string"}}],"inLanguage":"en-GB"},{"@type":["Person","Organization"],"@id":"https:\/\/outilstice.com\/#\/schema\/person\/ec4809142ef009f96b5af2c906a48cd0","name":"Fidel Navamuel","image":{"@type":"ImageObject","inLanguage":"en-GB","@id":"https:\/\/outilstice.com\/#\/schema\/person\/image\/","url":"https:\/\/outilstice.com\/wp-content\/uploads\/2014\/11\/fidel.jpg","contentUrl":"https:\/\/outilstice.com\/wp-content\/uploads\/2014\/11\/fidel.jpg","width":570,"height":428,"caption":"Fidel Navamuel"},"logo":{"@id":"https:\/\/outilstice.com\/#\/schema\/person\/image\/"},"description":"Journaliste et responsable des sites \"Les Outils du Web\". Le r\u00e9seau \"Les Outils du Web\"regroupe sept sites d'information en ligne autour des nouvelles technologies, de la veille, des outils collaboratifs, des tice, de l'ia et du Web2. Responsable du d\u00e9veloppement de l'\u00e9cole des m\u00e9tiers de l'information \u00e0 Paris. Coop\u00e9rative de formation, l'\u00e9mi est reconnue pour ses formations qui accompagnent la mutation num\u00e9rique au c\u0153ur des m\u00e9tiers et des organisations.","sameAs":["https:\/\/outilstice.com","https:\/\/www.facebook.com\/lesoutilsweb","https:\/\/www.instagram.com\/outilstice\/","http:\/\/fr.linkedin.com\/in\/navamuel\/","http:\/\/www.pinterest.com\/fideln\/","https:\/\/x.com\/outilstice"],"gender":"homme","jobTitle":"Journaliste"}]}},"_links":{"self":[{"href":"https:\/\/outilstice.com\/en\/wp-json\/wp\/v2\/pages\/2134"}],"collection":[{"href":"https:\/\/outilstice.com\/en\/wp-json\/wp\/v2\/pages"}],"about":[{"href":"https:\/\/outilstice.com\/en\/wp-json\/wp\/v2\/types\/page"}],"author":[{"embeddable":true,"href":"https:\/\/outilstice.com\/en\/wp-json\/wp\/v2\/users\/1"}],"replies":[{"embeddable":true,"href":"https:\/\/outilstice.com\/en\/wp-json\/wp\/v2\/comments?post=2134"}],"version-history":[{"count":0,"href":"https:\/\/outilstice.com\/en\/wp-json\/wp\/v2\/pages\/2134\/revisions"}],"wp:attachment":[{"href":"https:\/\/outilstice.com\/en\/wp-json\/wp\/v2\/media?parent=2134"}],"curies":[{"name":"wp","href":"https:\/\/api.w.org\/{rel}","templated":true}]}}