{"id":9,"date":"2012-10-09T23:09:50","date_gmt":"2012-10-09T21:09:50","guid":{"rendered":"http:\/\/outilstice.com\/?page_id=9"},"modified":"2025-02-03T12:47:46","modified_gmt":"2025-02-03T10:47:46","slug":"a-propos","status":"publish","type":"page","link":"https:\/\/outilstice.com\/en\/a-propos\/","title":{"rendered":"Legal notice"},"content":{"rendered":"<p><a href=\"https:\/\/outilstice.com\/wp-content\/uploads\/2012\/10\/fidel_Navamuel.jpeg\" target=\"_blank\"><img loading=\"lazy\" decoding=\"async\" class=\"alignleft wp-image-143\" title=\"fidel_Navamuel\" src=\"https:\/\/outilstice.com\/wp-content\/uploads\/2012\/10\/fidel_Navamuel.jpeg\" alt=\"\" width=\"90\" height=\"90\" srcset=\"https:\/\/outilstice.com\/wp-content\/uploads\/2012\/10\/fidel_Navamuel.jpeg 150w, https:\/\/outilstice.com\/wp-content\/uploads\/2012\/10\/fidel_Navamuel-160x160.jpeg 160w\" sizes=\"(max-width: 90px) 100vw, 90px\" \/><\/a><a href=\"https:\/\/outilstice.com\" target=\"_blank\">The Tice Tools<\/a> profoundly change the way of learning and the way of teaching. This site provides an update on the current status of the sites and tools involved in this broad movement.<\/p>\n<p>It has become one of the essential references in its field with more than 200 000 visits per month and a newsletter with more than 40 000 subscribers (figures August 2020 ).<\/p>\n<p>Do not hesitate to contact us and\u00a0<a title=\"Propose a site\" href=\"https:\/\/outilstice.com\/proposer-un-site\/\" target=\"_blank\" rel=\"noopener noreferrer\">offer us sites<\/a>, TICE services or software. Tell us about your comments and experiences as well.<\/p>\n<p>This site is part of the network\u00a0<a title=\"Allweb2\" href=\"https:\/\/lesoutilsweb.com\" target=\"_blank\" rel=\"noopener noreferrer\">Web Tools<\/a>\u00a0which includes directories\u00a0<a title=\"Collaborative Tools\" href=\"https:\/\/www.outilscollaboratifs.com\/\" target=\"_blank\" rel=\"noopener noreferrer\">Collaborative tools<\/a>,\u00a0<a title=\"Tools of the day before\" href=\"https:\/\/www.outilsveille.com\/\" target=\"_blank\" rel=\"noopener noreferrer\">The Watch Tools<\/a>, A<a href=\"https:\/\/allweb2.com\" target=\"_blank\" rel=\"noopener noreferrer\">llweb2<\/a>, <a href=\"https:\/\/outilsproductivite.com\" target=\"_blank\"><strong>Productivity Tools<\/strong><\/a>, <strong><a href=\"https:\/\/outilsia.com\" target=\"_blank\">The iA Tools\u00a0<\/a><\/strong>and <a href=\"https:\/\/outilsemail.com\" target=\"_blank\" rel=\"noopener noreferrer\">eMail Tools<\/a>.<\/p>\n<p><strong>Advertising and partnerships.<\/strong><\/p>\n<p>I am open to any partnership or publicity proposal. Several banner formats are at your disposal, text links, etc.<br \/>\n<a href=\"https:\/\/outilstice.com\/annonceurs\/\" target=\"_blank\">Advertising on this site<\/a> is managed by <a href=\"https:\/\/www.comdhabitude.fr\" target=\"_blank\">Com usually. The advertising agency specializing in education.<\/a><\/p>\n<p>Contact:\u00a0fidel.navamuel@lesoutilweb.com<\/p>\n<p>&nbsp;<\/p>\n<p>Legal Notice.<\/p>\n<p><strong>TICE TOOLS<\/strong><\/p>\n<ul>\n<li><b>Owner of the site<\/b> : <a href=\"https:\/\/about.me\/navamuel\" target=\"_blank\" rel=\"noopener noreferrer\">Fidel NAVAMUEL<\/a><\/li>\n<li><b>Director of publication<\/b> : Fidel NAVAMUEL<\/li>\n<li><b>Host of the site<\/b> :Lightning Base LLC \u2013 USA<\/li>\n<\/ul>\n<ol>\n<li><b>Personal data<\/b> : In accordance with Article 32 of the Law of 6 January 1978, as part of the subscription to the newsletter, personal data are collected exclusively for internal use. The exercise of the right of access and rectification provided for by law may be exercised by email to fidel.navamuel at lesoutilweb.com<\/li>\n<li><b>Trademark law<\/b> : The various trade marks mentioned on this website belong to the bodies that have registered them and are mentioned only by way of signage.<\/li>\n<li><b>Editorial responsibility<\/b> :<\/li>\n<\/ol>\n<ul>\n<li>The owner of the site can not be held responsible for material errors that would have crept into the documents present on the site, despite all the care and vigilance taken in their publication.<\/li>\n<li>The website owner can also not be held responsible for the information, comments and opinions expressed on the sites to which he points by hyperlinks and of which he does not have editorial control.<\/li>\n<\/ul>","protected":false},"excerpt":{"rendered":"<p>Tice tools are fundamentally changing the way you learn and the way you teach. This site provides an update on the current status of the sites and tools involved in this broad movement. He's become...<\/p>","protected":false},"author":1,"featured_media":0,"parent":0,"menu_order":0,"comment_status":"open","ping_status":"open","template":"","meta":{"content-type":"","_lmt_disableupdate":"no","_lmt_disable":"no","footnotes":""},"yoast_head":"<!-- This site is optimized with the Yoast SEO Premium plugin v20.4 (Yoast SEO v23.4) - https:\/\/yoast.com\/wordpress\/plugins\/seo\/ -->\n<title>A propos du site Outils Tice.<\/title>\n<meta name=\"description\" content=\"Les outils Tice changent en profondeur la mani\u00e8re d&#039;apprendre et la mani\u00e8re d&#039;enseigner. Ce site fait le point sur l&#039;actualit\u00e9 des sites et des outils qui\" \/>\n<meta name=\"robots\" content=\"noindex, nofollow\" \/>\n<meta property=\"og:locale\" content=\"en_GB\" \/>\n<meta property=\"og:type\" content=\"article\" \/>\n<meta property=\"og:title\" content=\"Mentions l\u00e9gales\" \/>\n<meta property=\"og:description\" content=\"&#8211;\" \/>\n<meta property=\"og:url\" content=\"https:\/\/outilstice.com\/en\/a-propos\/\" \/>\n<meta property=\"og:site_name\" content=\"Les Outils Tice\" \/>\n<meta property=\"article:publisher\" content=\"https:\/\/www.facebook.com\/lesoutilsweb\" \/>\n<meta property=\"article:modified_time\" content=\"2025-02-03T10:47:46+00:00\" \/>\n<meta property=\"og:image\" content=\"https:\/\/outilstice.com\/wp-content\/uploads\/2012\/10\/fidel_Navamuel.jpeg\" \/>\n<meta name=\"twitter:card\" content=\"summary_large_image\" \/>\n<meta name=\"twitter:site\" content=\"@outilstice\" \/>\n<meta name=\"twitter:label1\" content=\"Estimated reading time\" \/>\n\t<meta name=\"twitter:data1\" content=\"2 minutes\" \/>\n<script type=\"application\/ld+json\" class=\"yoast-schema-graph\">{\"@context\":\"https:\/\/schema.org\",\"@graph\":[{\"@type\":\"WebPage\",\"@id\":\"https:\/\/outilstice.com\/a-propos\/\",\"url\":\"https:\/\/outilstice.com\/a-propos\/\",\"name\":\"A propos du site Outils Tice.\",\"isPartOf\":{\"@id\":\"https:\/\/outilstice.com\/#website\"},\"primaryImageOfPage\":{\"@id\":\"https:\/\/outilstice.com\/a-propos\/#primaryimage\"},\"image\":{\"@id\":\"https:\/\/outilstice.com\/a-propos\/#primaryimage\"},\"thumbnailUrl\":\"https:\/\/outilstice.com\/wp-content\/uploads\/2012\/10\/fidel_Navamuel.jpeg\",\"datePublished\":\"2012-10-09T21:09:50+00:00\",\"dateModified\":\"2025-02-03T10:47:46+00:00\",\"description\":\"Les outils Tice changent en profondeur la mani\u00e8re d'apprendre et la mani\u00e8re d'enseigner. Ce site fait le point sur l'actualit\u00e9 des sites et des outils qui\",\"breadcrumb\":{\"@id\":\"https:\/\/outilstice.com\/a-propos\/#breadcrumb\"},\"inLanguage\":\"en-GB\",\"potentialAction\":[{\"@type\":\"ReadAction\",\"target\":[\"https:\/\/outilstice.com\/a-propos\/\"]}]},{\"@type\":\"ImageObject\",\"inLanguage\":\"en-GB\",\"@id\":\"https:\/\/outilstice.com\/a-propos\/#primaryimage\",\"url\":\"https:\/\/outilstice.com\/wp-content\/uploads\/2012\/10\/fidel_Navamuel.jpeg\",\"contentUrl\":\"https:\/\/outilstice.com\/wp-content\/uploads\/2012\/10\/fidel_Navamuel.jpeg\"},{\"@type\":\"BreadcrumbList\",\"@id\":\"https:\/\/outilstice.com\/a-propos\/#breadcrumb\",\"itemListElement\":[{\"@type\":\"ListItem\",\"position\":1,\"name\":\"Accueil\",\"item\":\"https:\/\/outilstice.com\/\"},{\"@type\":\"ListItem\",\"position\":2,\"name\":\"Mentions l\u00e9gales\"}]},{\"@type\":\"WebSite\",\"@id\":\"https:\/\/outilstice.com\/#website\",\"url\":\"https:\/\/outilstice.com\/\",\"name\":\"Les Outils Tice\",\"description\":\"L&#039;actualit\u00e9 des outils num\u00e9riques pour l&#039;\u00e9ducation\",\"publisher\":{\"@id\":\"https:\/\/outilstice.com\/#\/schema\/person\/ec4809142ef009f96b5af2c906a48cd0\"},\"potentialAction\":[{\"@type\":\"SearchAction\",\"target\":{\"@type\":\"EntryPoint\",\"urlTemplate\":\"https:\/\/outilstice.com\/?s={search_term_string}\"},\"query-input\":{\"@type\":\"PropertyValueSpecification\",\"valueRequired\":true,\"valueName\":\"search_term_string\"}}],\"inLanguage\":\"en-GB\"},{\"@type\":[\"Person\",\"Organization\"],\"@id\":\"https:\/\/outilstice.com\/#\/schema\/person\/ec4809142ef009f96b5af2c906a48cd0\",\"name\":\"Fidel Navamuel\",\"image\":{\"@type\":\"ImageObject\",\"inLanguage\":\"en-GB\",\"@id\":\"https:\/\/outilstice.com\/#\/schema\/person\/image\/\",\"url\":\"https:\/\/outilstice.com\/wp-content\/uploads\/2014\/11\/fidel.jpg\",\"contentUrl\":\"https:\/\/outilstice.com\/wp-content\/uploads\/2014\/11\/fidel.jpg\",\"width\":570,\"height\":428,\"caption\":\"Fidel Navamuel\"},\"logo\":{\"@id\":\"https:\/\/outilstice.com\/#\/schema\/person\/image\/\"},\"description\":\"Journaliste et responsable des sites \\\"Les Outils du Web\\\". Le r\u00e9seau \\\"Les Outils du Web\\\"regroupe sept sites d'information en ligne autour des nouvelles technologies, de la veille, des outils collaboratifs, des tice, de l'ia et du Web2. Responsable du d\u00e9veloppement de l'\u00e9cole des m\u00e9tiers de l'information \u00e0 Paris. Coop\u00e9rative de formation, l'\u00e9mi est reconnue pour ses formations qui accompagnent la mutation num\u00e9rique au c\u0153ur des m\u00e9tiers et des organisations.\",\"sameAs\":[\"https:\/\/outilstice.com\",\"https:\/\/www.facebook.com\/lesoutilsweb\",\"https:\/\/www.instagram.com\/outilstice\/\",\"http:\/\/fr.linkedin.com\/in\/navamuel\/\",\"http:\/\/www.pinterest.com\/fideln\/\",\"https:\/\/x.com\/outilstice\"],\"gender\":\"homme\",\"jobTitle\":\"Journaliste\"}]}<\/script>\n<!-- \/ Yoast SEO Premium plugin. -->","yoast_head_json":{"title":"A propos du site Outils Tice.","description":"Les outils Tice changent en profondeur la mani\u00e8re d'apprendre et la mani\u00e8re d'enseigner. Ce site fait le point sur l'actualit\u00e9 des sites et des outils qui","robots":{"index":"noindex","follow":"nofollow"},"og_locale":"en_GB","og_type":"article","og_title":"Mentions l\u00e9gales","og_description":"&#8211;","og_url":"https:\/\/outilstice.com\/en\/a-propos\/","og_site_name":"Les Outils Tice","article_publisher":"https:\/\/www.facebook.com\/lesoutilsweb","article_modified_time":"2025-02-03T10:47:46+00:00","og_image":[{"url":"https:\/\/outilstice.com\/wp-content\/uploads\/2012\/10\/fidel_Navamuel.jpeg"}],"twitter_card":"summary_large_image","twitter_site":"@outilstice","twitter_misc":{"Estimated reading time":"2 minutes"},"schema":{"@context":"https:\/\/schema.org","@graph":[{"@type":"WebPage","@id":"https:\/\/outilstice.com\/a-propos\/","url":"https:\/\/outilstice.com\/a-propos\/","name":"A propos du site Outils Tice.","isPartOf":{"@id":"https:\/\/outilstice.com\/#website"},"primaryImageOfPage":{"@id":"https:\/\/outilstice.com\/a-propos\/#primaryimage"},"image":{"@id":"https:\/\/outilstice.com\/a-propos\/#primaryimage"},"thumbnailUrl":"https:\/\/outilstice.com\/wp-content\/uploads\/2012\/10\/fidel_Navamuel.jpeg","datePublished":"2012-10-09T21:09:50+00:00","dateModified":"2025-02-03T10:47:46+00:00","description":"Les outils Tice changent en profondeur la mani\u00e8re d'apprendre et la mani\u00e8re d'enseigner. Ce site fait le point sur l'actualit\u00e9 des sites et des outils qui","breadcrumb":{"@id":"https:\/\/outilstice.com\/a-propos\/#breadcrumb"},"inLanguage":"en-GB","potentialAction":[{"@type":"ReadAction","target":["https:\/\/outilstice.com\/a-propos\/"]}]},{"@type":"ImageObject","inLanguage":"en-GB","@id":"https:\/\/outilstice.com\/a-propos\/#primaryimage","url":"https:\/\/outilstice.com\/wp-content\/uploads\/2012\/10\/fidel_Navamuel.jpeg","contentUrl":"https:\/\/outilstice.com\/wp-content\/uploads\/2012\/10\/fidel_Navamuel.jpeg"},{"@type":"BreadcrumbList","@id":"https:\/\/outilstice.com\/a-propos\/#breadcrumb","itemListElement":[{"@type":"ListItem","position":1,"name":"Accueil","item":"https:\/\/outilstice.com\/"},{"@type":"ListItem","position":2,"name":"Mentions l\u00e9gales"}]},{"@type":"WebSite","@id":"https:\/\/outilstice.com\/#website","url":"https:\/\/outilstice.com\/","name":"Les Outils Tice","description":"L&#039;actualit\u00e9 des outils num\u00e9riques pour l&#039;\u00e9ducation","publisher":{"@id":"https:\/\/outilstice.com\/#\/schema\/person\/ec4809142ef009f96b5af2c906a48cd0"},"potentialAction":[{"@type":"SearchAction","target":{"@type":"EntryPoint","urlTemplate":"https:\/\/outilstice.com\/?s={search_term_string}"},"query-input":{"@type":"PropertyValueSpecification","valueRequired":true,"valueName":"search_term_string"}}],"inLanguage":"en-GB"},{"@type":["Person","Organization"],"@id":"https:\/\/outilstice.com\/#\/schema\/person\/ec4809142ef009f96b5af2c906a48cd0","name":"Fidel Navamuel","image":{"@type":"ImageObject","inLanguage":"en-GB","@id":"https:\/\/outilstice.com\/#\/schema\/person\/image\/","url":"https:\/\/outilstice.com\/wp-content\/uploads\/2014\/11\/fidel.jpg","contentUrl":"https:\/\/outilstice.com\/wp-content\/uploads\/2014\/11\/fidel.jpg","width":570,"height":428,"caption":"Fidel Navamuel"},"logo":{"@id":"https:\/\/outilstice.com\/#\/schema\/person\/image\/"},"description":"Journaliste et responsable des sites \"Les Outils du Web\". Le r\u00e9seau \"Les Outils du Web\"regroupe sept sites d'information en ligne autour des nouvelles technologies, de la veille, des outils collaboratifs, des tice, de l'ia et du Web2. Responsable du d\u00e9veloppement de l'\u00e9cole des m\u00e9tiers de l'information \u00e0 Paris. Coop\u00e9rative de formation, l'\u00e9mi est reconnue pour ses formations qui accompagnent la mutation num\u00e9rique au c\u0153ur des m\u00e9tiers et des organisations.","sameAs":["https:\/\/outilstice.com","https:\/\/www.facebook.com\/lesoutilsweb","https:\/\/www.instagram.com\/outilstice\/","http:\/\/fr.linkedin.com\/in\/navamuel\/","http:\/\/www.pinterest.com\/fideln\/","https:\/\/x.com\/outilstice"],"gender":"homme","jobTitle":"Journaliste"}]}},"_links":{"self":[{"href":"https:\/\/outilstice.com\/en\/wp-json\/wp\/v2\/pages\/9"}],"collection":[{"href":"https:\/\/outilstice.com\/en\/wp-json\/wp\/v2\/pages"}],"about":[{"href":"https:\/\/outilstice.com\/en\/wp-json\/wp\/v2\/types\/page"}],"author":[{"embeddable":true,"href":"https:\/\/outilstice.com\/en\/wp-json\/wp\/v2\/users\/1"}],"replies":[{"embeddable":true,"href":"https:\/\/outilstice.com\/en\/wp-json\/wp\/v2\/comments?post=9"}],"version-history":[{"count":3,"href":"https:\/\/outilstice.com\/en\/wp-json\/wp\/v2\/pages\/9\/revisions"}],"predecessor-version":[{"id":13924,"href":"https:\/\/outilstice.com\/en\/wp-json\/wp\/v2\/pages\/9\/revisions\/13924"}],"wp:attachment":[{"href":"https:\/\/outilstice.com\/en\/wp-json\/wp\/v2\/media?parent=9"}],"curies":[{"name":"wp","href":"https:\/\/api.w.org\/{rel}","templated":true}]}}