{"id":2,"date":"2012-09-24T18:04:45","date_gmt":"2012-09-24T18:04:45","guid":{"rendered":"http:\/\/outilstice.com\/?page_id=2"},"modified":"2021-08-14T19:07:37","modified_gmt":"2021-08-14T17:07:37","slug":"proposer-un-site","status":"publish","type":"page","link":"https:\/\/outilstice.com\/es\/proposer-un-site\/","title":{"rendered":"Proponer un sitio"},"content":{"rendered":"<h2><span style=\"color: #00ccff;\"><strong>Proponer un sitio en Tice Tools.<\/strong><\/span><\/h2>\n<p><span style=\"color: #ff00ff;\"><strong>Utilice este formulario para ofrecer un sitio o servicio en Tice Tools<\/strong>.<\/span><br \/>\nSi su sitio o servicio se ajusta al tema de Tice Tools y a nuestros criterios editoriales, publicaremos un art\u00edculo.<\/p>\n<h2><span style=\"color: #00ccff;\"><strong>Las herramientas de Tice son:<\/strong><\/span><\/h2>\n<ul>\n<li><strong>Excelente SEO en todos los motores de b\u00fasqueda.<\/strong><\/li>\n<li><strong>Casi 250,000 visitantes calificados cada mes.<\/strong><\/li>\n<li><strong>M\u00e1s de 42.000 suscriptores al bolet\u00edn semanal.<\/strong><\/li>\n<\/ul>\n<p>&nbsp;<\/p>\n<p><em>Nos reservamos el derecho de rechazar cualquier env\u00edo que no cumpla con nuestros criterios editoriales. Por lo tanto, no vale la pena perder su tiempo si su sitio o servicio no concierne al mundo y a los profesionales de la educaci\u00f3n.<\/em><\/p>\n<p><span style=\"color: #00ccff;\"><strong>Env\u00edeme un correo electr\u00f3nico a fidel.navamuel @outiltice.com para proponer un sitio o un servicio en Les Outils Tice<\/strong><\/span><\/p>\n<p>Tambi\u00e9n puede optar por la compra de espacio a trav\u00e9s de banners presentes en todas las p\u00e1ginas del sitio y garantiz\u00e1ndole muchos clientes potenciales calificados. La compra de espacio puede dar lugar a un art\u00edculo en el sitio web, y el bolet\u00edn si el contenido del servicio cumple con nuestros criterios editoriales. Para cualquier solicitud de publicidad<a title=\"Anunciarse en Herramientas Tice\" href=\"https:\/\/outilstice.com\/annonceurs\/\" target=\"_blank\" rel=\"noopener noreferrer\">, <strong>\u00bfPor qu\u00e9 no vas aqu\u00ed?<\/strong><\/a><\/p>","protected":false},"excerpt":{"rendered":"<p>Proponer un sitio en Tice Tools. Utilice este formulario para ofrecer un sitio o servicio en Tice Tools. Si su sitio o servicio corresponde al tema de Tice Tools y a...<\/p>","protected":false},"author":1,"featured_media":0,"parent":0,"menu_order":0,"comment_status":"open","ping_status":"open","template":"","meta":{"content-type":"","_lmt_disableupdate":"no","_lmt_disable":"","footnotes":""},"yoast_head":"<!-- This site is optimized with the Yoast SEO Premium plugin v20.4 (Yoast SEO v23.4) - https:\/\/yoast.com\/wordpress\/plugins\/seo\/ -->\n<title>Proposer un site &#8211; Les Outils Tice<\/title>\n<meta name=\"description\" content=\"Proposer un site sur les Outils Tice. Utilisez ce formulaire pour proposer un site ou un service sur Les Outils Tice. Si votre site ou service correspond\" \/>\n<meta name=\"robots\" content=\"noindex, follow\" \/>\n<meta property=\"og:locale\" content=\"es_ES\" \/>\n<meta property=\"og:type\" content=\"article\" \/>\n<meta property=\"og:title\" content=\"Proposer un site\" \/>\n<meta property=\"og:description\" content=\"&#8211;\" \/>\n<meta property=\"og:url\" content=\"https:\/\/outilstice.com\/es\/proposer-un-site\/\" \/>\n<meta property=\"og:site_name\" content=\"Les Outils Tice\" \/>\n<meta property=\"article:publisher\" content=\"https:\/\/www.facebook.com\/lesoutilsweb\" \/>\n<meta property=\"article:modified_time\" content=\"2021-08-14T17:07:37+00:00\" \/>\n<meta name=\"twitter:card\" content=\"summary_large_image\" \/>\n<meta name=\"twitter:site\" content=\"@outilstice\" \/>\n<meta name=\"twitter:label1\" content=\"Tiempo de lectura\" \/>\n\t<meta name=\"twitter:data1\" content=\"1 minuto\" \/>\n<script type=\"application\/ld+json\" class=\"yoast-schema-graph\">{\"@context\":\"https:\/\/schema.org\",\"@graph\":[{\"@type\":\"WebPage\",\"@id\":\"https:\/\/outilstice.com\/proposer-un-site\/\",\"url\":\"https:\/\/outilstice.com\/proposer-un-site\/\",\"name\":\"Proposer un site &#8211; Les Outils Tice\",\"isPartOf\":{\"@id\":\"https:\/\/outilstice.com\/#website\"},\"datePublished\":\"2012-09-24T18:04:45+00:00\",\"dateModified\":\"2021-08-14T17:07:37+00:00\",\"description\":\"Proposer un site sur les Outils Tice. Utilisez ce formulaire pour proposer un site ou un service sur Les Outils Tice. Si votre site ou service correspond\",\"breadcrumb\":{\"@id\":\"https:\/\/outilstice.com\/proposer-un-site\/#breadcrumb\"},\"inLanguage\":\"es\",\"potentialAction\":[{\"@type\":\"ReadAction\",\"target\":[\"https:\/\/outilstice.com\/proposer-un-site\/\"]}]},{\"@type\":\"BreadcrumbList\",\"@id\":\"https:\/\/outilstice.com\/proposer-un-site\/#breadcrumb\",\"itemListElement\":[{\"@type\":\"ListItem\",\"position\":1,\"name\":\"Accueil\",\"item\":\"https:\/\/outilstice.com\/\"},{\"@type\":\"ListItem\",\"position\":2,\"name\":\"Proposer un site\"}]},{\"@type\":\"WebSite\",\"@id\":\"https:\/\/outilstice.com\/#website\",\"url\":\"https:\/\/outilstice.com\/\",\"name\":\"Les Outils Tice\",\"description\":\"L&#039;actualit\u00e9 des outils num\u00e9riques pour l&#039;\u00e9ducation\",\"publisher\":{\"@id\":\"https:\/\/outilstice.com\/#\/schema\/person\/ec4809142ef009f96b5af2c906a48cd0\"},\"potentialAction\":[{\"@type\":\"SearchAction\",\"target\":{\"@type\":\"EntryPoint\",\"urlTemplate\":\"https:\/\/outilstice.com\/?s={search_term_string}\"},\"query-input\":{\"@type\":\"PropertyValueSpecification\",\"valueRequired\":true,\"valueName\":\"search_term_string\"}}],\"inLanguage\":\"es\"},{\"@type\":[\"Person\",\"Organization\"],\"@id\":\"https:\/\/outilstice.com\/#\/schema\/person\/ec4809142ef009f96b5af2c906a48cd0\",\"name\":\"Fidel Navamuel\",\"image\":{\"@type\":\"ImageObject\",\"inLanguage\":\"es\",\"@id\":\"https:\/\/outilstice.com\/#\/schema\/person\/image\/\",\"url\":\"https:\/\/outilstice.com\/wp-content\/uploads\/2014\/11\/fidel.jpg\",\"contentUrl\":\"https:\/\/outilstice.com\/wp-content\/uploads\/2014\/11\/fidel.jpg\",\"width\":570,\"height\":428,\"caption\":\"Fidel Navamuel\"},\"logo\":{\"@id\":\"https:\/\/outilstice.com\/#\/schema\/person\/image\/\"},\"description\":\"Journaliste et responsable des sites \\\"Les Outils du Web\\\". Le r\u00e9seau \\\"Les Outils du Web\\\"regroupe sept sites d'information en ligne autour des nouvelles technologies, de la veille, des outils collaboratifs, des tice, de l'ia et du Web2. Responsable du d\u00e9veloppement de l'\u00e9cole des m\u00e9tiers de l'information \u00e0 Paris. Coop\u00e9rative de formation, l'\u00e9mi est reconnue pour ses formations qui accompagnent la mutation num\u00e9rique au c\u0153ur des m\u00e9tiers et des organisations.\",\"sameAs\":[\"https:\/\/outilstice.com\",\"https:\/\/www.facebook.com\/lesoutilsweb\",\"https:\/\/www.instagram.com\/outilstice\/\",\"http:\/\/fr.linkedin.com\/in\/navamuel\/\",\"http:\/\/www.pinterest.com\/fideln\/\",\"https:\/\/x.com\/outilstice\"],\"gender\":\"homme\",\"jobTitle\":\"Journaliste\"}]}<\/script>\n<!-- \/ Yoast SEO Premium plugin. -->","yoast_head_json":{"title":"Proposer un site &#8211; Les Outils Tice","description":"Proposer un site sur les Outils Tice. Utilisez ce formulaire pour proposer un site ou un service sur Les Outils Tice. Si votre site ou service correspond","robots":{"index":"noindex","follow":"follow"},"og_locale":"es_ES","og_type":"article","og_title":"Proposer un site","og_description":"&#8211;","og_url":"https:\/\/outilstice.com\/es\/proposer-un-site\/","og_site_name":"Les Outils Tice","article_publisher":"https:\/\/www.facebook.com\/lesoutilsweb","article_modified_time":"2021-08-14T17:07:37+00:00","twitter_card":"summary_large_image","twitter_site":"@outilstice","twitter_misc":{"Tiempo de lectura":"1 minuto"},"schema":{"@context":"https:\/\/schema.org","@graph":[{"@type":"WebPage","@id":"https:\/\/outilstice.com\/proposer-un-site\/","url":"https:\/\/outilstice.com\/proposer-un-site\/","name":"Proposer un site &#8211; Les Outils Tice","isPartOf":{"@id":"https:\/\/outilstice.com\/#website"},"datePublished":"2012-09-24T18:04:45+00:00","dateModified":"2021-08-14T17:07:37+00:00","description":"Proposer un site sur les Outils Tice. Utilisez ce formulaire pour proposer un site ou un service sur Les Outils Tice. Si votre site ou service correspond","breadcrumb":{"@id":"https:\/\/outilstice.com\/proposer-un-site\/#breadcrumb"},"inLanguage":"es","potentialAction":[{"@type":"ReadAction","target":["https:\/\/outilstice.com\/proposer-un-site\/"]}]},{"@type":"BreadcrumbList","@id":"https:\/\/outilstice.com\/proposer-un-site\/#breadcrumb","itemListElement":[{"@type":"ListItem","position":1,"name":"Accueil","item":"https:\/\/outilstice.com\/"},{"@type":"ListItem","position":2,"name":"Proposer un site"}]},{"@type":"WebSite","@id":"https:\/\/outilstice.com\/#website","url":"https:\/\/outilstice.com\/","name":"Les Outils Tice","description":"L&#039;actualit\u00e9 des outils num\u00e9riques pour l&#039;\u00e9ducation","publisher":{"@id":"https:\/\/outilstice.com\/#\/schema\/person\/ec4809142ef009f96b5af2c906a48cd0"},"potentialAction":[{"@type":"SearchAction","target":{"@type":"EntryPoint","urlTemplate":"https:\/\/outilstice.com\/?s={search_term_string}"},"query-input":{"@type":"PropertyValueSpecification","valueRequired":true,"valueName":"search_term_string"}}],"inLanguage":"es"},{"@type":["Person","Organization"],"@id":"https:\/\/outilstice.com\/#\/schema\/person\/ec4809142ef009f96b5af2c906a48cd0","name":"Fidel Navamuel","image":{"@type":"ImageObject","inLanguage":"es","@id":"https:\/\/outilstice.com\/#\/schema\/person\/image\/","url":"https:\/\/outilstice.com\/wp-content\/uploads\/2014\/11\/fidel.jpg","contentUrl":"https:\/\/outilstice.com\/wp-content\/uploads\/2014\/11\/fidel.jpg","width":570,"height":428,"caption":"Fidel Navamuel"},"logo":{"@id":"https:\/\/outilstice.com\/#\/schema\/person\/image\/"},"description":"Journaliste et responsable des sites \"Les Outils du Web\". Le r\u00e9seau \"Les Outils du Web\"regroupe sept sites d'information en ligne autour des nouvelles technologies, de la veille, des outils collaboratifs, des tice, de l'ia et du Web2. Responsable du d\u00e9veloppement de l'\u00e9cole des m\u00e9tiers de l'information \u00e0 Paris. Coop\u00e9rative de formation, l'\u00e9mi est reconnue pour ses formations qui accompagnent la mutation num\u00e9rique au c\u0153ur des m\u00e9tiers et des organisations.","sameAs":["https:\/\/outilstice.com","https:\/\/www.facebook.com\/lesoutilsweb","https:\/\/www.instagram.com\/outilstice\/","http:\/\/fr.linkedin.com\/in\/navamuel\/","http:\/\/www.pinterest.com\/fideln\/","https:\/\/x.com\/outilstice"],"gender":"homme","jobTitle":"Journaliste"}]}},"_links":{"self":[{"href":"https:\/\/outilstice.com\/es\/wp-json\/wp\/v2\/pages\/2"}],"collection":[{"href":"https:\/\/outilstice.com\/es\/wp-json\/wp\/v2\/pages"}],"about":[{"href":"https:\/\/outilstice.com\/es\/wp-json\/wp\/v2\/types\/page"}],"author":[{"embeddable":true,"href":"https:\/\/outilstice.com\/es\/wp-json\/wp\/v2\/users\/1"}],"replies":[{"embeddable":true,"href":"https:\/\/outilstice.com\/es\/wp-json\/wp\/v2\/comments?post=2"}],"version-history":[{"count":0,"href":"https:\/\/outilstice.com\/es\/wp-json\/wp\/v2\/pages\/2\/revisions"}],"wp:attachment":[{"href":"https:\/\/outilstice.com\/es\/wp-json\/wp\/v2\/media?parent=2"}],"curies":[{"name":"wp","href":"https:\/\/api.w.org\/{rel}","templated":true}]}}