{"id":2134,"date":"2015-07-31T10:07:28","date_gmt":"2015-07-31T09:07:28","guid":{"rendered":"http:\/\/outilstice.com\/cookie-policy\/"},"modified":"2021-06-15T08:23:31","modified_gmt":"2021-06-15T06:23:31","slug":"cookies","status":"publish","type":"page","link":"https:\/\/outilstice.com\/es\/cookies\/","title":{"rendered":"Pol\u00edtica de Cookies"},"content":{"rendered":"<h2 class=\"main-title\">Aviso legal sobre las cookies presentes<br \/>\nlas herramientas Tice<\/h2>\n<p>Las cookies se colocan, seg\u00fan sus opciones, en su ordenador, tel\u00e9fono inteligente o tableta (\u00abel dispositivo\u00bb) cuando visita el sitio https:\/\/outiltice.com (\u00abel sitio\u00bb) o cuando ve un anuncio.<\/p>\n<p>La CNIL es responsable de la aplicaci\u00f3n francesa de esta Directiva desde el 1 de octubre de 2014.<\/p>\n<h2>\u00bfQu\u00e9 es una cookie?<\/h2>\n<p>Las cookies son peque\u00f1os archivos de texto colocados en su dispositivo, cuyos detalles y prop\u00f3sito se detallan a continuaci\u00f3n.<\/p>\n<p>Las cookies son administradas por su navegador web y es probable que solo el remitente de una cookie lea o cambie la informaci\u00f3n contenida en ella.<\/p>\n<p>El sitio web de Tice Tools, al igual que todos los sitios web de la red de Herramientas Web, aloja algunas cookies. Se dedican principalmente al an\u00e1lisis de las visitas al sitio (Google Analytics), los anuncios a trav\u00e9s de (Google Adsense) y los botones para compartir en las redes sociales.<\/p>\n<h2>\u00bfQu\u00e9 tipos de cookies se colocan y con qu\u00e9 prop\u00f3sito?<\/h2>\n<h3>Cookies estrictamente necesarias para el funcionamiento del Sitio<\/h3>\n<p>Estas son cookies colocadas exclusivamente por tooltice, que son esenciales para navegar por el sitio. Le permiten utilizar las principales caracter\u00edsticas del Sitio y asegurar su conexi\u00f3n. El dep\u00f3sito de estas cookies no requiere su consentimiento previo.<\/p>\n<p>Te permiten, por ejemplo:<br \/>\n-implementar medidas de seguridad, por ejemplo, cuando se le pide que vuelva a conectarse a un contenido o servicio despu\u00e9s de un cierto per\u00edodo de tiempo;<br \/>\n-almacenar informaci\u00f3n relacionada con un formulario que haya rellenado en nuestro Sitio (registro o acceso a su cuenta) o con productos, servicios o informaci\u00f3n que haya elegido en nuestro Sitio (servicio suscrito como bolet\u00edn ,, etc.).<\/p>\n<h3>Las llamadas cookies de \"funcionalidad\"<\/h3>\n<p>Estas cookies son estrictamente necesarias para el funcionamiento del Sitio. El dep\u00f3sito de estas cookies no requiere su consentimiento previo. Estas cookies nos permiten:<\/p>\n<p>establecer estad\u00edsticas y vol\u00famenes de visitas y uso de los diversos componentes de nuestro Sitio (encabezados y contenido visitado, rutas), lo que nos permite mejorar el inter\u00e9s y la ergonom\u00eda de nuestros servicios;<br \/>\nadaptar la presentaci\u00f3n de nuestro Sitio a las preferencias de visualizaci\u00f3n de su Dispositivo (idioma utilizado, resoluci\u00f3n de visualizaci\u00f3n, sistema operativo utilizado, etc.) cuando visite nuestro Sitio, dependiendo del hardware y software de visualizaci\u00f3n o lectura que contenga su Dispositivo;<br \/>\nadaptar nuestros espacios publicitarios a las preferencias de visualizaci\u00f3n de su Dispositivo (idioma utilizado, resoluci\u00f3n de visualizaci\u00f3n, sistema operativo utilizado, etc.), dependiendo del hardware y software de visualizaci\u00f3n o lectura que contenga su Dispositivo.<\/p>\n<h3>Cookies anal\u00edticas<\/h3>\n<p>Utilizamos varias herramientas para medir el tr\u00e1fico a nuestro Sitio, tales como<br \/>\nGoogle Analytics o Clicky<\/p>\n<p>Estas herramientas permiten:<br \/>\n\u2022 determinar sus intereses y comportamiento;<br \/>\n\u2022 mejorar el conocimiento del cliente\/usuario con fines de personalizaci\u00f3n.<\/p>\n<h3>Cookies publicitarias<\/h3>\n<p>Las cookies publicitarias que colocamos en su dispositivo se utilizan para proporcionarle publicidad adaptada a sus intereses en funci\u00f3n de los art\u00edculos que ha le\u00eddo y su navegaci\u00f3n en nuestro Sitio, pero tambi\u00e9n en otros sitios.<\/p>\n<p>Permiten:<\/p>\n<p>\u2013 limitar el n\u00famero de veces que ve un anuncio y ayudar a medir la eficacia de una campa\u00f1a publicitaria;<br \/>\n\u2013 adaptar el contenido publicitario mostrado en su Dispositivo por nuestros espacios publicitarios, de acuerdo con la navegaci\u00f3n de su Dispositivo en nuestro Sitio, de acuerdo con los datos de ubicaci\u00f3n (longitud y latitud) transmitidos por su Dispositivo con su consentimiento previo y de acuerdo con los datos personales que nos haya proporcionado;<br \/>\n\u2013 contar el n\u00famero total de anuncios que mostramos en nuestros espacios publicitarios, identificar dichos anuncios, su n\u00famero respectivo de visualizaciones, el n\u00famero de usuarios que hicieron clic en cada anuncio y, en su caso, las acciones posteriores llevadas a cabo por dichos usuarios en las p\u00e1ginas a las que conducen dichos anuncios, con el fin de calcular las sumas adeudadas a los agentes de la cadena de distribuci\u00f3n de publicidad (agencia de comunicaci\u00f3n, agencia de publicidad, sitio\/medio de radiodifusi\u00f3n) y elaborar estad\u00edsticas.<\/p>\n<h3>Cookies publicitarias de terceros<\/h3>\n<p>Las cookies de terceros tambi\u00e9n se pueden colocar en su dispositivo, en particular las cookies colocadas en nuestros espacios publicitarios emitidas por:<\/p>\n<p>una empresa tercera para el anunciante (agencia de consultor\u00eda de comunicaciones, empresa de medici\u00f3n de audiencia, proveedor de publicidad dirigida, etc.), que ha asociado una cookie con el contenido publicitario de un anunciante; tableros publicitarios externos.<\/p>\n<p>Estas cookies de terceros permiten:<\/p>\n<p>contar el n\u00famero de visualizaciones de contenidos publicitarios difundidos a trav\u00e9s de nuestros espacios publicitarios, identificar los anuncios as\u00ed mostrados, el n\u00famero de usuarios que hicieron clic en cada anuncio, permiti\u00e9ndoles calcular las sumas adeudadas como resultado y compilar estad\u00edsticas;<br \/>\nadaptar los espacios publicitarios que operan a las preferencias de visualizaci\u00f3n de su Dispositivo (idioma utilizado, resoluci\u00f3n de visualizaci\u00f3n, sistema operativo utilizado, etc.), dependiendo del hardware y software de visualizaci\u00f3n o lectura que contenga su Dispositivo;<br \/>\nadaptar el contenido publicitario que se muestra en su Dispositivo a trav\u00e9s de nuestros espacios publicitarios de acuerdo con la navegaci\u00f3n de su Dispositivo en nuestro Sitio;<\/p>\n<p>El rechazo de estas cookies publicitarias no tiene ning\u00fan impacto en el uso de nuestro Sitio. Sin embargo, rechazarlos no conducir\u00e1 al cese de la publicidad en nuestro Sitio o en Internet.\u2028 Esto solo tendr\u00e1 el efecto de mostrar un anuncio que no tenga en cuenta sus intereses o preferencias.<\/p>\n<h3>Uso compartido de cookies (redes sociales)<\/h3>\n<p>Podemos incluir en nuestro Sitio aplicaciones inform\u00e1ticas de terceros que le permitan compartir contenido en nuestro Sitio con otros o dar a conocer a otros sus puntos de vista u opiniones sobre el contenido de nuestro Sitio. Este es el caso, en particular, de los botones \u00abCompartir\u00bb, \u00abMe gusta\u00bb, de redes sociales como \u00abFacebook\u00bb, \u00abTwitter\u00bb, \u00abLinkedin\u00bb, \u00abMessenger\u00bb, \u00abFlipboard\u00bb, \u00abPinterest\u00bb, etc.<\/p>\n<p>Es probable que la red social que proporciona dicho bot\u00f3n de aplicaci\u00f3n lo identifique a trav\u00e9s de este bot\u00f3n, incluso si no us\u00f3 este bot\u00f3n cuando visit\u00f3 nuestro Sitio. De hecho, este tipo de bot\u00f3n de aplicaci\u00f3n puede permitir a la red social en cuesti\u00f3n rastrear su navegaci\u00f3n en nuestro Sitio simplemente porque su cuenta en la red social en cuesti\u00f3n se activ\u00f3 en su Dispositivo (sesi\u00f3n abierta) durante su navegaci\u00f3n en nuestro Sitio.<\/p>\n<p>No tenemos ning\u00fan control sobre el proceso utilizado por las redes sociales para recopilar informaci\u00f3n relacionada con su navegaci\u00f3n y asociada con los datos personales a su disposici\u00f3n. Le invitamos a consultar las pol\u00edticas de privacidad de estas redes sociales con el fin de conocer los fines para los que utilizan, en particular la publicidad, la informaci\u00f3n de navegaci\u00f3n que pueden recopilar a trav\u00e9s de estos botones de aplicaci\u00f3n. Estas pol\u00edticas de protecci\u00f3n deben, en particular, permitirle ejercer sus opciones con estas redes sociales, en particular mediante la creaci\u00f3n de sus cuentas de usuario para cada una de estas redes.<\/p>\n<h2>\u00bfCu\u00e1l es la base para la recogida de cookies?<\/h2>\n<p>El registro de una cookie en un dispositivo est\u00e1 esencialmente sujeto a la voluntad del usuario del dispositivo, que puede expresarla y modificarla en cualquier momento y de forma gratuita a trav\u00e9s de las opciones que le ofrece el software de su navegador.<\/p>\n<p>Si ha aceptado el almacenamiento de cookies en su Dispositivo en el software de su navegador, las cookies incrustadas en las p\u00e1ginas y el contenido que ha visto pueden almacenarse temporalmente en un \u00e1rea dedicada de su Dispositivo. Solo ser\u00e1n legibles por su emisor.<\/p>\n<p>Si rechaza el almacenamiento de cookies en su Dispositivo, o si elimina las almacenadas en su Dispositivo, ya no podr\u00e1 beneficiarse de la funcionalidad de nuestro Sitio. Este ser\u00eda el caso si intentara acceder a nuestros contenidos o servicios. Este tambi\u00e9n ser\u00eda el caso cuando nosotros, o nuestros proveedores de servicios, no pudi\u00e9ramos reconocer, a efectos de compatibilidad t\u00e9cnica, el tipo de navegador utilizado por su Dispositivo, su idioma y configuraci\u00f3n de visualizaci\u00f3n o el pa\u00eds desde el que su Dispositivo parece estar conectado a Internet.<\/p>\n<p>Si es necesario, no aceptamos ninguna responsabilidad por las consecuencias relacionadas con el funcionamiento degradado de nuestros servicios resultantes de la imposibilidad de guardar o consultar las cookies necesarias para su funcionamiento y que usted haya rechazado o eliminado.<\/p>\n<h2>\u00bfC\u00f3mo gestionar sus cookies?<\/h2>\n<p>Se le ofrecen varias posibilidades para gestionar las cookies. Cualquier configuraci\u00f3n que pueda realizar puede cambiar su navegaci\u00f3n por Internet y sus condiciones de acceso a ciertos servicios que requieren el uso de cookies.<br \/>\nPuede elegir en cualquier momento expresar y modificar sus deseos de cookies por los medios que se describen a continuaci\u00f3n.<\/p>\n<h3>Configurando tu software de navegaci\u00f3n<\/h3>\n<p>Puede configurar el software de su navegador para que las cookies se almacenen en su Dispositivo o, por el contrario, se rechacen, ya sea sistem\u00e1ticamente o seg\u00fan su emisor. Tambi\u00e9n puede configurar el software de su navegador para que se le ofrezca la aceptaci\u00f3n o el rechazo de cookies de vez en cuando, antes de que sea probable que se almacene una cookie en su dispositivo.<br \/>\nPara la gesti\u00f3n de cookies y sus elecciones, la configuraci\u00f3n de cada navegador es diferente. Se describe en el men\u00fa de ayuda de su navegador, que le permitir\u00e1 saber c\u00f3mo cambiar sus deseos de cookies.<\/p>\n<p>A trav\u00e9s de Internet Explorer \u2122:\u00a0<a href=\"https:\/\/windows.microsoft.com\/\" target=\"_blank\" rel=\"noopener nofollow noreferrer\">https:\/\/windows.microsoft.com<\/a><br \/>\nPara Safari\u2122:\u00a0<a href=\"https:\/\/support.apple.com\/\" target=\"_blank\" rel=\"noopener nofollow noreferrer\">https:\/\/support.apple.com<\/a><br \/>\nPara Chrome \u2122:\u00a0<a href=\"https:\/\/support.google.com\/\" target=\"_blank\" rel=\"noopener nofollow noreferrer\">https:\/\/support.google.com<\/a><br \/>\nPara Firefox \u2122:\u00a0<a href=\"https:\/\/support.mozilla.org\/\" target=\"_blank\" rel=\"noopener nofollow noreferrer\">https:\/\/support.mozilla.org\/<\/a><br \/>\nPara Opera \u2122:\u00a0<a href=\"https:\/\/help.opera.com\/\" target=\"_blank\" rel=\"noopener nofollow noreferrer\">https:\/\/help.opera.com<\/a><\/p>\n<p>Si desea evitar que estas cookies se instalen en su dispositivo, puede desactivarlas cambiando la configuraci\u00f3n de su navegador. Si lo prefiere, utilice software de terceros para bloquear las cookies cuando utilice este sitio web. Para saber c\u00f3mo hacerlo, consulte el men\u00fa de su navegador o visite www.allaboutcookies.org. Encontrar\u00e1 m\u00e1s informaci\u00f3n sobre las cookies y c\u00f3mo desactivarlas. Tambi\u00e9n puede utilizar servicios de \u00abanonimato\u00bb de terceros para ocultar informaci\u00f3n en sus cookies, o incluso datos generales, como su direcci\u00f3n IP.<\/p>\n<p>Para obtener m\u00e1s informaci\u00f3n sobre el uso de cookies y su bloqueo, visite el sitio web de <a href=\"http:\/\/www.cnil.fr\/vos-droits\/vos-traces\/les-cookies\/\" target=\"_blank\" rel=\"noopener noreferrer\">la CNIL, que propone un expediente completo sobre el tema.<\/a><\/p>\n<p>&nbsp;<\/p>","protected":false},"excerpt":{"rendered":"<p>Aviso legal sobre las cookies en Tice Tools Las cookies se colocan, seg\u00fan sus elecciones, en su computadora, tel\u00e9fono inteligente o tableta (en adelante, el \"Dispositivo\") cuando visita el Sitio...<\/p>","protected":false},"author":1,"featured_media":0,"parent":0,"menu_order":0,"comment_status":"open","ping_status":"open","template":"","meta":{"content-type":"","_lmt_disableupdate":"no","_lmt_disable":"","footnotes":""},"yoast_head":"<!-- This site is optimized with the Yoast SEO Premium plugin v20.4 (Yoast SEO v23.4) - https:\/\/yoast.com\/wordpress\/plugins\/seo\/ -->\n<title>Politique de cookies &#8211; Les Outils Tice<\/title>\n<meta name=\"description\" content=\"Avertissement l\u00e9gal sur les cookies pr\u00e9sents sur Outils Tice Des cookies sont d\u00e9pos\u00e9s, sous r\u00e9serve de vos choix, sur votre ordinateur, smartphone ou\" \/>\n<meta name=\"robots\" content=\"noindex, nofollow\" \/>\n<meta property=\"og:locale\" content=\"es_ES\" \/>\n<meta property=\"og:type\" content=\"article\" \/>\n<meta property=\"og:title\" content=\"Politique de cookies\" \/>\n<meta property=\"og:description\" content=\"&#8211;\" \/>\n<meta property=\"og:url\" content=\"https:\/\/outilstice.com\/es\/cookies\/\" \/>\n<meta property=\"og:site_name\" content=\"Les Outils Tice\" \/>\n<meta property=\"article:publisher\" content=\"https:\/\/www.facebook.com\/lesoutilsweb\" \/>\n<meta property=\"article:modified_time\" content=\"2021-06-15T06:23:31+00:00\" \/>\n<meta name=\"twitter:card\" content=\"summary_large_image\" \/>\n<meta name=\"twitter:site\" content=\"@outilstice\" \/>\n<meta name=\"twitter:label1\" content=\"Tiempo de lectura\" \/>\n\t<meta name=\"twitter:data1\" content=\"9 minutos\" \/>\n<script type=\"application\/ld+json\" class=\"yoast-schema-graph\">{\"@context\":\"https:\/\/schema.org\",\"@graph\":[{\"@type\":\"WebPage\",\"@id\":\"https:\/\/outilstice.com\/cookies\/\",\"url\":\"https:\/\/outilstice.com\/cookies\/\",\"name\":\"Politique de cookies &#8211; Les Outils Tice\",\"isPartOf\":{\"@id\":\"https:\/\/outilstice.com\/#website\"},\"datePublished\":\"2015-07-31T09:07:28+00:00\",\"dateModified\":\"2021-06-15T06:23:31+00:00\",\"description\":\"Avertissement l\u00e9gal sur les cookies pr\u00e9sents sur Outils Tice Des cookies sont d\u00e9pos\u00e9s, sous r\u00e9serve de vos choix, sur votre ordinateur, smartphone ou\",\"breadcrumb\":{\"@id\":\"https:\/\/outilstice.com\/cookies\/#breadcrumb\"},\"inLanguage\":\"es\",\"potentialAction\":[{\"@type\":\"ReadAction\",\"target\":[\"https:\/\/outilstice.com\/cookies\/\"]}]},{\"@type\":\"BreadcrumbList\",\"@id\":\"https:\/\/outilstice.com\/cookies\/#breadcrumb\",\"itemListElement\":[{\"@type\":\"ListItem\",\"position\":1,\"name\":\"Accueil\",\"item\":\"https:\/\/outilstice.com\/\"},{\"@type\":\"ListItem\",\"position\":2,\"name\":\"Politique de cookies\"}]},{\"@type\":\"WebSite\",\"@id\":\"https:\/\/outilstice.com\/#website\",\"url\":\"https:\/\/outilstice.com\/\",\"name\":\"Les Outils Tice\",\"description\":\"L&#039;actualit\u00e9 des outils num\u00e9riques pour l&#039;\u00e9ducation\",\"publisher\":{\"@id\":\"https:\/\/outilstice.com\/#\/schema\/person\/ec4809142ef009f96b5af2c906a48cd0\"},\"potentialAction\":[{\"@type\":\"SearchAction\",\"target\":{\"@type\":\"EntryPoint\",\"urlTemplate\":\"https:\/\/outilstice.com\/?s={search_term_string}\"},\"query-input\":{\"@type\":\"PropertyValueSpecification\",\"valueRequired\":true,\"valueName\":\"search_term_string\"}}],\"inLanguage\":\"es\"},{\"@type\":[\"Person\",\"Organization\"],\"@id\":\"https:\/\/outilstice.com\/#\/schema\/person\/ec4809142ef009f96b5af2c906a48cd0\",\"name\":\"Fidel Navamuel\",\"image\":{\"@type\":\"ImageObject\",\"inLanguage\":\"es\",\"@id\":\"https:\/\/outilstice.com\/#\/schema\/person\/image\/\",\"url\":\"https:\/\/outilstice.com\/wp-content\/uploads\/2014\/11\/fidel.jpg\",\"contentUrl\":\"https:\/\/outilstice.com\/wp-content\/uploads\/2014\/11\/fidel.jpg\",\"width\":570,\"height\":428,\"caption\":\"Fidel Navamuel\"},\"logo\":{\"@id\":\"https:\/\/outilstice.com\/#\/schema\/person\/image\/\"},\"description\":\"Journaliste et responsable des sites \\\"Les Outils du Web\\\". Le r\u00e9seau \\\"Les Outils du Web\\\"regroupe sept sites d'information en ligne autour des nouvelles technologies, de la veille, des outils collaboratifs, des tice, de l'ia et du Web2. Responsable du d\u00e9veloppement de l'\u00e9cole des m\u00e9tiers de l'information \u00e0 Paris. Coop\u00e9rative de formation, l'\u00e9mi est reconnue pour ses formations qui accompagnent la mutation num\u00e9rique au c\u0153ur des m\u00e9tiers et des organisations.\",\"sameAs\":[\"https:\/\/outilstice.com\",\"https:\/\/www.facebook.com\/lesoutilsweb\",\"https:\/\/www.instagram.com\/outilstice\/\",\"http:\/\/fr.linkedin.com\/in\/navamuel\/\",\"http:\/\/www.pinterest.com\/fideln\/\",\"https:\/\/x.com\/outilstice\"],\"gender\":\"homme\",\"jobTitle\":\"Journaliste\"}]}<\/script>\n<!-- \/ Yoast SEO Premium plugin. -->","yoast_head_json":{"title":"Politique de cookies &#8211; Les Outils Tice","description":"Avertissement l\u00e9gal sur les cookies pr\u00e9sents sur Outils Tice Des cookies sont d\u00e9pos\u00e9s, sous r\u00e9serve de vos choix, sur votre ordinateur, smartphone ou","robots":{"index":"noindex","follow":"nofollow"},"og_locale":"es_ES","og_type":"article","og_title":"Politique de cookies","og_description":"&#8211;","og_url":"https:\/\/outilstice.com\/es\/cookies\/","og_site_name":"Les Outils Tice","article_publisher":"https:\/\/www.facebook.com\/lesoutilsweb","article_modified_time":"2021-06-15T06:23:31+00:00","twitter_card":"summary_large_image","twitter_site":"@outilstice","twitter_misc":{"Tiempo de lectura":"9 minutos"},"schema":{"@context":"https:\/\/schema.org","@graph":[{"@type":"WebPage","@id":"https:\/\/outilstice.com\/cookies\/","url":"https:\/\/outilstice.com\/cookies\/","name":"Politique de cookies &#8211; Les Outils Tice","isPartOf":{"@id":"https:\/\/outilstice.com\/#website"},"datePublished":"2015-07-31T09:07:28+00:00","dateModified":"2021-06-15T06:23:31+00:00","description":"Avertissement l\u00e9gal sur les cookies pr\u00e9sents sur Outils Tice Des cookies sont d\u00e9pos\u00e9s, sous r\u00e9serve de vos choix, sur votre ordinateur, smartphone ou","breadcrumb":{"@id":"https:\/\/outilstice.com\/cookies\/#breadcrumb"},"inLanguage":"es","potentialAction":[{"@type":"ReadAction","target":["https:\/\/outilstice.com\/cookies\/"]}]},{"@type":"BreadcrumbList","@id":"https:\/\/outilstice.com\/cookies\/#breadcrumb","itemListElement":[{"@type":"ListItem","position":1,"name":"Accueil","item":"https:\/\/outilstice.com\/"},{"@type":"ListItem","position":2,"name":"Politique de cookies"}]},{"@type":"WebSite","@id":"https:\/\/outilstice.com\/#website","url":"https:\/\/outilstice.com\/","name":"Les Outils Tice","description":"L&#039;actualit\u00e9 des outils num\u00e9riques pour l&#039;\u00e9ducation","publisher":{"@id":"https:\/\/outilstice.com\/#\/schema\/person\/ec4809142ef009f96b5af2c906a48cd0"},"potentialAction":[{"@type":"SearchAction","target":{"@type":"EntryPoint","urlTemplate":"https:\/\/outilstice.com\/?s={search_term_string}"},"query-input":{"@type":"PropertyValueSpecification","valueRequired":true,"valueName":"search_term_string"}}],"inLanguage":"es"},{"@type":["Person","Organization"],"@id":"https:\/\/outilstice.com\/#\/schema\/person\/ec4809142ef009f96b5af2c906a48cd0","name":"Fidel Navamuel","image":{"@type":"ImageObject","inLanguage":"es","@id":"https:\/\/outilstice.com\/#\/schema\/person\/image\/","url":"https:\/\/outilstice.com\/wp-content\/uploads\/2014\/11\/fidel.jpg","contentUrl":"https:\/\/outilstice.com\/wp-content\/uploads\/2014\/11\/fidel.jpg","width":570,"height":428,"caption":"Fidel Navamuel"},"logo":{"@id":"https:\/\/outilstice.com\/#\/schema\/person\/image\/"},"description":"Journaliste et responsable des sites \"Les Outils du Web\". Le r\u00e9seau \"Les Outils du Web\"regroupe sept sites d'information en ligne autour des nouvelles technologies, de la veille, des outils collaboratifs, des tice, de l'ia et du Web2. Responsable du d\u00e9veloppement de l'\u00e9cole des m\u00e9tiers de l'information \u00e0 Paris. Coop\u00e9rative de formation, l'\u00e9mi est reconnue pour ses formations qui accompagnent la mutation num\u00e9rique au c\u0153ur des m\u00e9tiers et des organisations.","sameAs":["https:\/\/outilstice.com","https:\/\/www.facebook.com\/lesoutilsweb","https:\/\/www.instagram.com\/outilstice\/","http:\/\/fr.linkedin.com\/in\/navamuel\/","http:\/\/www.pinterest.com\/fideln\/","https:\/\/x.com\/outilstice"],"gender":"homme","jobTitle":"Journaliste"}]}},"_links":{"self":[{"href":"https:\/\/outilstice.com\/es\/wp-json\/wp\/v2\/pages\/2134"}],"collection":[{"href":"https:\/\/outilstice.com\/es\/wp-json\/wp\/v2\/pages"}],"about":[{"href":"https:\/\/outilstice.com\/es\/wp-json\/wp\/v2\/types\/page"}],"author":[{"embeddable":true,"href":"https:\/\/outilstice.com\/es\/wp-json\/wp\/v2\/users\/1"}],"replies":[{"embeddable":true,"href":"https:\/\/outilstice.com\/es\/wp-json\/wp\/v2\/comments?post=2134"}],"version-history":[{"count":0,"href":"https:\/\/outilstice.com\/es\/wp-json\/wp\/v2\/pages\/2134\/revisions"}],"wp:attachment":[{"href":"https:\/\/outilstice.com\/es\/wp-json\/wp\/v2\/media?parent=2134"}],"curies":[{"name":"wp","href":"https:\/\/api.w.org\/{rel}","templated":true}]}}