{"id":9,"date":"2012-10-09T23:09:50","date_gmt":"2012-10-09T21:09:50","guid":{"rendered":"http:\/\/outilstice.com\/?page_id=9"},"modified":"2025-02-03T12:47:46","modified_gmt":"2025-02-03T10:47:46","slug":"a-propos","status":"publish","type":"page","link":"https:\/\/outilstice.com\/es\/a-propos\/","title":{"rendered":"Aviso legal"},"content":{"rendered":"<p><a href=\"https:\/\/outilstice.com\/wp-content\/uploads\/2012\/10\/fidel_Navamuel.jpeg\" target=\"_blank\"><img loading=\"lazy\" decoding=\"async\" class=\"alignleft wp-image-143\" title=\"fidel_Navamuel\" src=\"https:\/\/outilstice.com\/wp-content\/uploads\/2012\/10\/fidel_Navamuel.jpeg\" alt=\"\" width=\"90\" height=\"90\" srcset=\"https:\/\/outilstice.com\/wp-content\/uploads\/2012\/10\/fidel_Navamuel.jpeg 150w, https:\/\/outilstice.com\/wp-content\/uploads\/2012\/10\/fidel_Navamuel-160x160.jpeg 160w\" sizes=\"(max-width: 90px) 100vw, 90px\" \/><\/a><a href=\"https:\/\/outilstice.com\" target=\"_blank\">Las herramientas Tice<\/a> cambiar profundamente la forma de aprender y la forma de ense\u00f1ar. Este sitio proporciona una actualizaci\u00f3n sobre el estado actual de los sitios y herramientas involucrados en este amplio movimiento.<\/p>\n<p>Se ha convertido en una de las referencias esenciales en su \u00e1mbito con m\u00e1s de 200 000 visitas al mes y un bolet\u00edn con m\u00e1s de 40 000 suscriptores (cifras de agosto de 2020).<\/p>\n<p>No dude en ponerse en contacto con nosotros y\u00a0<a title=\"Proponer un sitio\" href=\"https:\/\/outilstice.com\/proposer-un-site\/\" target=\"_blank\" rel=\"noopener noreferrer\">ofrecernos sitios<\/a>, servicios TICE o programas inform\u00e1ticos. Cu\u00e9ntanos sobre tus comentarios y experiencias tambi\u00e9n.<\/p>\n<p>Este sitio es parte de la red\u00a0<a title=\"Allweb2\" href=\"https:\/\/lesoutilsweb.com\" target=\"_blank\" rel=\"noopener noreferrer\">Herramientas web<\/a>\u00a0que incluye directorios\u00a0<a title=\"Herramientas de colaboraci\u00f3n\" href=\"https:\/\/www.outilscollaboratifs.com\/\" target=\"_blank\" rel=\"noopener noreferrer\">Herramientas de colaboraci\u00f3n<\/a>,\u00a0<a title=\"Herramientas del d\u00eda anterior\" href=\"https:\/\/www.outilsveille.com\/\" target=\"_blank\" rel=\"noopener noreferrer\">Las herramientas reloj<\/a>, A<a href=\"https:\/\/allweb2.com\" target=\"_blank\" rel=\"noopener noreferrer\">llweb2<\/a>, <a href=\"https:\/\/outilsproductivite.com\" target=\"_blank\"><strong>Herramientas de productividad<\/strong><\/a>, <strong><a href=\"https:\/\/outilsia.com\" target=\"_blank\">Las herramientas iA\u00a0<\/a><\/strong>y <a href=\"https:\/\/outilsemail.com\" target=\"_blank\" rel=\"noopener noreferrer\">Herramientas de correo electr\u00f3nico<\/a>.<\/p>\n<p><strong>Publicidad y asociaciones.<\/strong><\/p>\n<p>Estoy abierto a cualquier propuesta de asociaci\u00f3n o publicidad. Varios formatos de banner est\u00e1n a su disposici\u00f3n, enlaces de texto, etc.<br \/>\n<a href=\"https:\/\/outilstice.com\/annonceurs\/\" target=\"_blank\">Publicidad en este sitio<\/a> es administrado por <a href=\"https:\/\/www.comdhabitude.fr\" target=\"_blank\">Com por lo general. La agencia de publicidad especializada en educaci\u00f3n.<\/a><\/p>\n<p>Persona de contacto:\u00a0fidel.navamuel@lesoutilweb.com<\/p>\n<p>&nbsp;<\/p>\n<p>Aviso legal.<\/p>\n<p><strong>HERRAMIENTAS DE TICE<\/strong><\/p>\n<ul>\n<li><b>Propietario del sitio<\/b> : <a href=\"https:\/\/about.me\/navamuel\" target=\"_blank\" rel=\"noopener noreferrer\">Fidel NAVAMUEL<\/a><\/li>\n<li><b>Director de publicaci\u00f3n<\/b> : Fidel NAVAMUEL<\/li>\n<li><b>Anfitri\u00f3n del sitio<\/b> :Lightning Base LLC \u2013 EE.UU.<\/li>\n<\/ul>\n<ol>\n<li><b>Datos personales<\/b> : De conformidad con el art\u00edculo 32 de la Ley de 6 de enero de 1978, como parte de la suscripci\u00f3n al bolet\u00edn informativo, los datos personales se recopilan exclusivamente para uso interno. El ejercicio del derecho de acceso y rectificaci\u00f3n previsto en la ley podr\u00e1 ejercerse mediante correo electr\u00f3nico dirigido a fidel.navamuel en lesoutilweb.com<\/li>\n<li><b>Derecho de marcas<\/b> : Las distintas marcas mencionadas en este sitio web pertenecen a los organismos que las han registrado y solo se mencionan a modo de se\u00f1alizaci\u00f3n.<\/li>\n<li><b>Responsabilidad editorial<\/b> :<\/li>\n<\/ol>\n<ul>\n<li>El propietario del sitio no se hace responsable de los errores materiales que se habr\u00edan deslizado en los documentos presentes en el sitio, a pesar de todo el cuidado y la vigilancia tomada en su publicaci\u00f3n.<\/li>\n<li>El propietario del sitio web tampoco se hace responsable de la informaci\u00f3n, comentarios y opiniones expresadas en los sitios a los que apunta mediante hiperv\u00ednculos y de los que no tiene control editorial.<\/li>\n<\/ul>","protected":false},"excerpt":{"rendered":"<p>Las herramientas de Tice est\u00e1n cambiando fundamentalmente la forma en que aprendes y la forma en que ense\u00f1as. Este sitio proporciona una actualizaci\u00f3n sobre el estado actual de los sitios y herramientas involucrados en este amplio movimiento. Se ha convertido en...<\/p>","protected":false},"author":1,"featured_media":0,"parent":0,"menu_order":0,"comment_status":"open","ping_status":"open","template":"","meta":{"content-type":"","_lmt_disableupdate":"no","_lmt_disable":"no","footnotes":""},"yoast_head":"<!-- This site is optimized with the Yoast SEO Premium plugin v20.4 (Yoast SEO v23.4) - https:\/\/yoast.com\/wordpress\/plugins\/seo\/ -->\n<title>A propos du site Outils Tice.<\/title>\n<meta name=\"description\" content=\"Les outils Tice changent en profondeur la mani\u00e8re d&#039;apprendre et la mani\u00e8re d&#039;enseigner. Ce site fait le point sur l&#039;actualit\u00e9 des sites et des outils qui\" \/>\n<meta name=\"robots\" content=\"noindex, nofollow\" \/>\n<meta property=\"og:locale\" content=\"es_ES\" \/>\n<meta property=\"og:type\" content=\"article\" \/>\n<meta property=\"og:title\" content=\"Mentions l\u00e9gales\" \/>\n<meta property=\"og:description\" content=\"&#8211;\" \/>\n<meta property=\"og:url\" content=\"https:\/\/outilstice.com\/es\/a-propos\/\" \/>\n<meta property=\"og:site_name\" content=\"Les Outils Tice\" \/>\n<meta property=\"article:publisher\" content=\"https:\/\/www.facebook.com\/lesoutilsweb\" \/>\n<meta property=\"article:modified_time\" content=\"2025-02-03T10:47:46+00:00\" \/>\n<meta property=\"og:image\" content=\"https:\/\/outilstice.com\/wp-content\/uploads\/2012\/10\/fidel_Navamuel.jpeg\" \/>\n<meta name=\"twitter:card\" content=\"summary_large_image\" \/>\n<meta name=\"twitter:site\" content=\"@outilstice\" \/>\n<meta name=\"twitter:label1\" content=\"Tiempo de lectura\" \/>\n\t<meta name=\"twitter:data1\" content=\"2 minutos\" \/>\n<script type=\"application\/ld+json\" class=\"yoast-schema-graph\">{\"@context\":\"https:\/\/schema.org\",\"@graph\":[{\"@type\":\"WebPage\",\"@id\":\"https:\/\/outilstice.com\/a-propos\/\",\"url\":\"https:\/\/outilstice.com\/a-propos\/\",\"name\":\"A propos du site Outils Tice.\",\"isPartOf\":{\"@id\":\"https:\/\/outilstice.com\/#website\"},\"primaryImageOfPage\":{\"@id\":\"https:\/\/outilstice.com\/a-propos\/#primaryimage\"},\"image\":{\"@id\":\"https:\/\/outilstice.com\/a-propos\/#primaryimage\"},\"thumbnailUrl\":\"https:\/\/outilstice.com\/wp-content\/uploads\/2012\/10\/fidel_Navamuel.jpeg\",\"datePublished\":\"2012-10-09T21:09:50+00:00\",\"dateModified\":\"2025-02-03T10:47:46+00:00\",\"description\":\"Les outils Tice changent en profondeur la mani\u00e8re d'apprendre et la mani\u00e8re d'enseigner. Ce site fait le point sur l'actualit\u00e9 des sites et des outils qui\",\"breadcrumb\":{\"@id\":\"https:\/\/outilstice.com\/a-propos\/#breadcrumb\"},\"inLanguage\":\"es\",\"potentialAction\":[{\"@type\":\"ReadAction\",\"target\":[\"https:\/\/outilstice.com\/a-propos\/\"]}]},{\"@type\":\"ImageObject\",\"inLanguage\":\"es\",\"@id\":\"https:\/\/outilstice.com\/a-propos\/#primaryimage\",\"url\":\"https:\/\/outilstice.com\/wp-content\/uploads\/2012\/10\/fidel_Navamuel.jpeg\",\"contentUrl\":\"https:\/\/outilstice.com\/wp-content\/uploads\/2012\/10\/fidel_Navamuel.jpeg\"},{\"@type\":\"BreadcrumbList\",\"@id\":\"https:\/\/outilstice.com\/a-propos\/#breadcrumb\",\"itemListElement\":[{\"@type\":\"ListItem\",\"position\":1,\"name\":\"Accueil\",\"item\":\"https:\/\/outilstice.com\/\"},{\"@type\":\"ListItem\",\"position\":2,\"name\":\"Mentions l\u00e9gales\"}]},{\"@type\":\"WebSite\",\"@id\":\"https:\/\/outilstice.com\/#website\",\"url\":\"https:\/\/outilstice.com\/\",\"name\":\"Les Outils Tice\",\"description\":\"L&#039;actualit\u00e9 des outils num\u00e9riques pour l&#039;\u00e9ducation\",\"publisher\":{\"@id\":\"https:\/\/outilstice.com\/#\/schema\/person\/ec4809142ef009f96b5af2c906a48cd0\"},\"potentialAction\":[{\"@type\":\"SearchAction\",\"target\":{\"@type\":\"EntryPoint\",\"urlTemplate\":\"https:\/\/outilstice.com\/?s={search_term_string}\"},\"query-input\":{\"@type\":\"PropertyValueSpecification\",\"valueRequired\":true,\"valueName\":\"search_term_string\"}}],\"inLanguage\":\"es\"},{\"@type\":[\"Person\",\"Organization\"],\"@id\":\"https:\/\/outilstice.com\/#\/schema\/person\/ec4809142ef009f96b5af2c906a48cd0\",\"name\":\"Fidel Navamuel\",\"image\":{\"@type\":\"ImageObject\",\"inLanguage\":\"es\",\"@id\":\"https:\/\/outilstice.com\/#\/schema\/person\/image\/\",\"url\":\"https:\/\/outilstice.com\/wp-content\/uploads\/2014\/11\/fidel.jpg\",\"contentUrl\":\"https:\/\/outilstice.com\/wp-content\/uploads\/2014\/11\/fidel.jpg\",\"width\":570,\"height\":428,\"caption\":\"Fidel Navamuel\"},\"logo\":{\"@id\":\"https:\/\/outilstice.com\/#\/schema\/person\/image\/\"},\"description\":\"Journaliste et responsable des sites \\\"Les Outils du Web\\\". Le r\u00e9seau \\\"Les Outils du Web\\\"regroupe sept sites d'information en ligne autour des nouvelles technologies, de la veille, des outils collaboratifs, des tice, de l'ia et du Web2. Responsable du d\u00e9veloppement de l'\u00e9cole des m\u00e9tiers de l'information \u00e0 Paris. Coop\u00e9rative de formation, l'\u00e9mi est reconnue pour ses formations qui accompagnent la mutation num\u00e9rique au c\u0153ur des m\u00e9tiers et des organisations.\",\"sameAs\":[\"https:\/\/outilstice.com\",\"https:\/\/www.facebook.com\/lesoutilsweb\",\"https:\/\/www.instagram.com\/outilstice\/\",\"http:\/\/fr.linkedin.com\/in\/navamuel\/\",\"http:\/\/www.pinterest.com\/fideln\/\",\"https:\/\/x.com\/outilstice\"],\"gender\":\"homme\",\"jobTitle\":\"Journaliste\"}]}<\/script>\n<!-- \/ Yoast SEO Premium plugin. -->","yoast_head_json":{"title":"A propos du site Outils Tice.","description":"Les outils Tice changent en profondeur la mani\u00e8re d'apprendre et la mani\u00e8re d'enseigner. Ce site fait le point sur l'actualit\u00e9 des sites et des outils qui","robots":{"index":"noindex","follow":"nofollow"},"og_locale":"es_ES","og_type":"article","og_title":"Mentions l\u00e9gales","og_description":"&#8211;","og_url":"https:\/\/outilstice.com\/es\/a-propos\/","og_site_name":"Les Outils Tice","article_publisher":"https:\/\/www.facebook.com\/lesoutilsweb","article_modified_time":"2025-02-03T10:47:46+00:00","og_image":[{"url":"https:\/\/outilstice.com\/wp-content\/uploads\/2012\/10\/fidel_Navamuel.jpeg"}],"twitter_card":"summary_large_image","twitter_site":"@outilstice","twitter_misc":{"Tiempo de lectura":"2 minutos"},"schema":{"@context":"https:\/\/schema.org","@graph":[{"@type":"WebPage","@id":"https:\/\/outilstice.com\/a-propos\/","url":"https:\/\/outilstice.com\/a-propos\/","name":"A propos du site Outils Tice.","isPartOf":{"@id":"https:\/\/outilstice.com\/#website"},"primaryImageOfPage":{"@id":"https:\/\/outilstice.com\/a-propos\/#primaryimage"},"image":{"@id":"https:\/\/outilstice.com\/a-propos\/#primaryimage"},"thumbnailUrl":"https:\/\/outilstice.com\/wp-content\/uploads\/2012\/10\/fidel_Navamuel.jpeg","datePublished":"2012-10-09T21:09:50+00:00","dateModified":"2025-02-03T10:47:46+00:00","description":"Les outils Tice changent en profondeur la mani\u00e8re d'apprendre et la mani\u00e8re d'enseigner. Ce site fait le point sur l'actualit\u00e9 des sites et des outils qui","breadcrumb":{"@id":"https:\/\/outilstice.com\/a-propos\/#breadcrumb"},"inLanguage":"es","potentialAction":[{"@type":"ReadAction","target":["https:\/\/outilstice.com\/a-propos\/"]}]},{"@type":"ImageObject","inLanguage":"es","@id":"https:\/\/outilstice.com\/a-propos\/#primaryimage","url":"https:\/\/outilstice.com\/wp-content\/uploads\/2012\/10\/fidel_Navamuel.jpeg","contentUrl":"https:\/\/outilstice.com\/wp-content\/uploads\/2012\/10\/fidel_Navamuel.jpeg"},{"@type":"BreadcrumbList","@id":"https:\/\/outilstice.com\/a-propos\/#breadcrumb","itemListElement":[{"@type":"ListItem","position":1,"name":"Accueil","item":"https:\/\/outilstice.com\/"},{"@type":"ListItem","position":2,"name":"Mentions l\u00e9gales"}]},{"@type":"WebSite","@id":"https:\/\/outilstice.com\/#website","url":"https:\/\/outilstice.com\/","name":"Les Outils Tice","description":"L&#039;actualit\u00e9 des outils num\u00e9riques pour l&#039;\u00e9ducation","publisher":{"@id":"https:\/\/outilstice.com\/#\/schema\/person\/ec4809142ef009f96b5af2c906a48cd0"},"potentialAction":[{"@type":"SearchAction","target":{"@type":"EntryPoint","urlTemplate":"https:\/\/outilstice.com\/?s={search_term_string}"},"query-input":{"@type":"PropertyValueSpecification","valueRequired":true,"valueName":"search_term_string"}}],"inLanguage":"es"},{"@type":["Person","Organization"],"@id":"https:\/\/outilstice.com\/#\/schema\/person\/ec4809142ef009f96b5af2c906a48cd0","name":"Fidel Navamuel","image":{"@type":"ImageObject","inLanguage":"es","@id":"https:\/\/outilstice.com\/#\/schema\/person\/image\/","url":"https:\/\/outilstice.com\/wp-content\/uploads\/2014\/11\/fidel.jpg","contentUrl":"https:\/\/outilstice.com\/wp-content\/uploads\/2014\/11\/fidel.jpg","width":570,"height":428,"caption":"Fidel Navamuel"},"logo":{"@id":"https:\/\/outilstice.com\/#\/schema\/person\/image\/"},"description":"Journaliste et responsable des sites \"Les Outils du Web\". Le r\u00e9seau \"Les Outils du Web\"regroupe sept sites d'information en ligne autour des nouvelles technologies, de la veille, des outils collaboratifs, des tice, de l'ia et du Web2. Responsable du d\u00e9veloppement de l'\u00e9cole des m\u00e9tiers de l'information \u00e0 Paris. Coop\u00e9rative de formation, l'\u00e9mi est reconnue pour ses formations qui accompagnent la mutation num\u00e9rique au c\u0153ur des m\u00e9tiers et des organisations.","sameAs":["https:\/\/outilstice.com","https:\/\/www.facebook.com\/lesoutilsweb","https:\/\/www.instagram.com\/outilstice\/","http:\/\/fr.linkedin.com\/in\/navamuel\/","http:\/\/www.pinterest.com\/fideln\/","https:\/\/x.com\/outilstice"],"gender":"homme","jobTitle":"Journaliste"}]}},"_links":{"self":[{"href":"https:\/\/outilstice.com\/es\/wp-json\/wp\/v2\/pages\/9"}],"collection":[{"href":"https:\/\/outilstice.com\/es\/wp-json\/wp\/v2\/pages"}],"about":[{"href":"https:\/\/outilstice.com\/es\/wp-json\/wp\/v2\/types\/page"}],"author":[{"embeddable":true,"href":"https:\/\/outilstice.com\/es\/wp-json\/wp\/v2\/users\/1"}],"replies":[{"embeddable":true,"href":"https:\/\/outilstice.com\/es\/wp-json\/wp\/v2\/comments?post=9"}],"version-history":[{"count":3,"href":"https:\/\/outilstice.com\/es\/wp-json\/wp\/v2\/pages\/9\/revisions"}],"predecessor-version":[{"id":13924,"href":"https:\/\/outilstice.com\/es\/wp-json\/wp\/v2\/pages\/9\/revisions\/13924"}],"wp:attachment":[{"href":"https:\/\/outilstice.com\/es\/wp-json\/wp\/v2\/media?parent=9"}],"curies":[{"name":"wp","href":"https:\/\/api.w.org\/{rel}","templated":true}]}}